{"id":9,"date":"2013-05-31T11:56:39","date_gmt":"2013-05-31T11:56:39","guid":{"rendered":"https:\/\/impreza.us-themes.net\/pages\/contact\/"},"modified":"2023-08-11T00:07:25","modified_gmt":"2023-08-10T21:07:25","slug":"contact","status":"publish","type":"page","link":"https:\/\/kuplyu-volosy.com\/pl\/contact\/","title":{"rendered":"\u0141\u0105czno\u015b\u0107"},"content":{"rendered":"<section class=\"l-section wpb_row height_medium\"><div class=\"l-section-h i-cf\"><div class=\"g-cols vc_row via_flex valign_top type_default stacking_default\" style=\"--additional-gap:10px;\"><div class=\"vc_col-sm-4 wpb_column vc_column_container\"><div class=\"vc_column-inner\"><div class=\"wpb_wrapper\"><div class=\"wpb_text_column\"><div class=\"wpb_wrapper\"><h3>jeste\u015bmy w sieciach spo\u0142eczno\u015bciowych<\/h3>\n<\/div><\/div><div class=\"w-separator size_medium\"><\/div><div class=\"wpb_text_column\"><div class=\"wpb_wrapper\"><h3>Informacje kontaktowe<\/h3>\n<\/div><\/div><div class=\"w-separator size_small\"><\/div><div class=\"w-iconbox iconpos_left style_outlined color_primary align_left no_text\"><a href=\"tel:+48536277035\" class=\"w-iconbox-link\" aria-label=\"+485 362 77 035\"><div class=\"w-iconbox-icon\" style=\"font-size:22px;\"><i class=\"fas fa-phone\"><\/i><\/div><\/a><div class=\"w-iconbox-meta\"><a href=\"tel:+48536277035\" class=\"w-iconbox-link\" aria-label=\"+485 362 77 035\"><div class=\"w-iconbox-title\" style=\"font-size:22px;\">+485 362 77 035<\/div><\/a><\/div><\/div><div class=\"w-separator size_small\"><\/div><div class=\"w-iconbox iconpos_left style_outlined color_primary align_left no_text\"><a href=\"mailto:kuplyu-volosy.com@gmail.com\" class=\"w-iconbox-link\" aria-label=\"kuplyu-volosy.com@gmail.com\"><div class=\"w-iconbox-icon\" style=\"font-size:22px;\"><i class=\"fas fa-envelope\"><\/i><\/div><\/a><div class=\"w-iconbox-meta\"><a href=\"mailto:kuplyu-volosy.com@gmail.com\" class=\"w-iconbox-link\" aria-label=\"kuplyu-volosy.com@gmail.com\"><div class=\"w-iconbox-title\">kuplyu-volosy.com@gmail.com<\/div><\/a><\/div><\/div><\/div><\/div><\/div><div class=\"vc_col-sm-8 wpb_column vc_column_container\"><div class=\"vc_column-inner\"><div class=\"wpb_wrapper\"><div class=\"wpb_text_column\"><div class=\"wpb_wrapper\"><h3>Darmowa konsultacja<\/h3>\n<p>\u0415\u0441\u043b\u0438 \u0443 \u0412\u0430\u0441 \u0432\u043e\u0437\u043d\u0438\u043a\u043b\u0438 \u0432\u043e\u043f\u0440\u043e\u0441\u044b, \u043d\u0430\u043f\u0438\u0448\u0438\u0442\u0435 \u043d\u0430\u043c \u0438 \u043c\u044b \u043c\u0430\u043a\u0441\u0438\u043c\u0430\u043b\u044c\u043d\u043e \u0431\u044b\u0441\u0442\u0440\u043e \u0412\u0430\u043c \u043e\u0442\u0432\u0435\u0442\u0438\u043c. \u0427\u0442\u043e\u0431\u044b \u043f\u043e\u043b\u0443\u0447\u0438\u0442\u044c \u0441\u0430\u043c\u0443\u044e \u0431\u044b\u0441\u0442\u0440\u0443\u044e \u043a\u043e\u043d\u0441\u0443\u043b\u044c\u0442\u0430\u0446\u0438\u044e &#8212; \u043f\u043e\u0437\u0432\u043e\u043d\u0438\u0442\u0435 \u043d\u0430\u043c \u0438\u043b\u0438 \u043e\u0442\u043f\u0440\u0430\u0432\u044c\u0442\u0435 \u0441\u043e\u043e\u0431\u0449\u0435\u043d\u0438\u0435 \u0438 \u043c\u044b \u043f\u0435\u0440\u0435\u0437\u0432\u043e\u043d\u0438\u043c.<\/p>\n<\/div><\/div><div class=\"w-separator size_small\"><\/div><form class=\"w-form  layout_ver for_cform us_form_1\" autocomplete=\"off\" action=\"https:\/\/kuplyu-volosy.com\/pl\/pl\/wp-json\/wp\/v2\/pages\/9\" method=\"post\" data-trp-original-action=\"https:\/\/kuplyu-volosy.com\/pl\/pl\/wp-json\/wp\/v2\/pages\/9\"><div class=\"w-form-h\"><div class=\"w-form-row for_text has_label required with_icon\">\r\n\t\t\t<div class=\"w-form-row-label\">\r\n\t\t\t<span>Twoje imi\u0119 *<\/span>\r\n\t\t<\/div>\r\n\t\t<div class=\"w-form-row-field\">\r\n\t\t\t\t<i class=\"fal fa-user\"><\/i>\t\t<input aria-label=\"Twoje imi\u0119\" type=\"text\" name=\"us_form_1_text_1\" value placeholder=\"Napisz swoje imi\u0119\" data-required=\"true\" aria-required=\"true\"\/>\r\n\t\t\t<\/div>\r\n\t\t<div class=\"w-form-row-state\">Wype\u0142nij to pole<\/div>\r\n<\/div>\r\n<div class=\"w-form-row for_email has_label required with_icon\">\r\n\t\t\t<div class=\"w-form-row-label\">\r\n\t\t\t<span>E-mail *<\/span>\r\n\t\t<\/div>\r\n\t\t<div class=\"w-form-row-field\">\r\n\t\t\t\t<i class=\"fal fa-at\"><\/i>\t\t<input aria-label=\"E-mail\" type=\"email\" name=\"us_form_1_email_1\" value placeholder=\"Napisz sw\u00f3j e-mail\" data-required=\"true\" aria-required=\"true\"\/>\r\n\t\t\t<\/div>\r\n\t\t<div class=\"w-form-row-state\">Please enter a valid email address.<\/div>\r\n<\/div>\r\n<div class=\"w-form-row for_textarea has_label required with_icon\">\r\n\t\t\t<div class=\"w-form-row-label\">\r\n\t\t\t<span>Wiadomo\u015b\u0107 *<\/span>\r\n\t\t<\/div>\r\n\t\t<div class=\"w-form-row-field\">\r\n\t\t\t\t<i class=\"fal fa-comments-alt\"><\/i>\t\t<textarea aria-label=\"wiadomo\u015b\u0107\" name=\"us_form_1_textarea_1\" placeholder data-required=\"true\" aria-required=\"true\"><\/textarea>\r\n\t\t\t<\/div>\r\n\t\t<div class=\"w-form-row-state\">Wype\u0142nij to pole<\/div>\r\n<\/div>\r\n<input type=\"hidden\" name=\"action\" value=\"us_ajax_cform\" \/>\r\n<input type=\"hidden\" name=\"post_id\" value=\"0\" \/>\r\n<input type=\"hidden\" name=\"form_index\" value=\"1\" \/>\r\n<div class=\"w-form-row for_submit align_none\">\r\n\t<button class=\"w-btn icon_atleft us-btn-style_3\" aria-label=\"Submit\" type=\"submit\">\r\n\t\t<span class=\"g-preloader type_1\"><\/span>\r\n\t\t<i class=\"fab fa-telegram\"><\/i>\t\t<span class=\"w-btn-label\">Submit<\/span>\r\n\t\t\t<\/button>\r\n\t<\/div>\r\n<\/div><div class=\"w-form-message\"><\/div><div class=\"w-form-json hidden\" onclick='return {&quot;ajaxurl&quot;:&quot;https:\\\/\\\/kuplyu-volosy.com\\\/wp-admin\\\/admin-ajax.php&quot;,&quot;messages&quot;:{&quot;err_empty&quot;:&quot;Wype\\u0142nij to pole&quot;,&quot;err_size&quot;:&quot;File size cannot exceed %s MB&quot;,&quot;err_extension&quot;:&quot;%s file type is not allowed&quot;}}'><\/div><input type=\"hidden\" name=\"trp-form-language\" value=\"pl\"\/><\/form><\/div><\/div><\/div><\/div><\/div><\/section>","protected":false},"excerpt":{"rendered":"\u041c\u044b \u0432 \u0441\u043e\u0446\u0438\u0430\u043b\u044c\u043d\u044b\u0445 \u0441\u0435\u0442\u044f\u0445 \u041a\u043e\u043d\u0442\u0430\u043a\u0442\u043d\u0430\u044f \u0438\u043d\u0444\u043e\u0440\u043c\u0430\u0446\u0438\u044f +485 362 77 035kuplyu-volosy.com@gmail.com \u0411\u0435\u0441\u043f\u043b\u0430\u0442\u043d\u0430\u044f \u043a\u043e\u043d\u0441\u0443\u043b\u044c\u0442\u0430\u0446\u0438\u044f \u0415\u0441\u043b\u0438 \u0443 \u0412\u0430\u0441 \u0432\u043e\u0437\u043d\u0438\u043a\u043b\u0438 \u0432\u043e\u043f\u0440\u043e\u0441\u044b, \u043d\u0430\u043f\u0438\u0448\u0438\u0442\u0435 \u043d\u0430\u043c \u0438 \u043c\u044b \u043c\u0430\u043a\u0441\u0438\u043c\u0430\u043b\u044c\u043d\u043e \u0431\u044b\u0441\u0442\u0440\u043e \u0412\u0430\u043c \u043e\u0442\u0432\u0435\u0442\u0438\u043c. \u0427\u0442\u043e\u0431\u044b \u043f\u043e\u043b\u0443\u0447\u0438\u0442\u044c \u0441\u0430\u043c\u0443\u044e \u0431\u044b\u0441\u0442\u0440\u0443\u044e \u043a\u043e\u043d\u0441\u0443\u043b\u044c\u0442\u0430\u0446\u0438\u044e &#8212; \u043f\u043e\u0437\u0432\u043e\u043d\u0438\u0442\u0435 \u043d\u0430\u043c \u0438\u043b\u0438 \u043e\u0442\u043f\u0440\u0430\u0432\u044c\u0442\u0435 \u0441\u043e\u043e\u0431\u0449\u0435\u043d\u0438\u0435 \u0438 \u043c\u044b \u043f\u0435\u0440\u0435\u0437\u0432\u043e\u043d\u0438\u043c. \u0412\u0430\u0448\u0435 \u0418\u043c\u044f * Wype\u0142nij to pole Email * Please enter a valid email address. Message *...","protected":false},"author":3,"featured_media":0,"parent":0,"menu_order":0,"comment_status":"closed","ping_status":"closed","template":"","meta":{"_acf_changed":false,"footnotes":""},"class_list":["post-9","page","type-page","status-publish","hentry"],"acf":[],"yoast_head":"<!-- This site is optimized with the Yoast SEO plugin v24.3 - https:\/\/yoast.com\/wordpress\/plugins\/seo\/ -->\n<title>\u041a\u043e\u043d\u0442\u0430\u043a\u0442\u044b - \u041a\u0443\u043f\u043b\u044e \u0432\u043e\u043b\u043e\u0441\u044b<\/title>\n<meta name=\"robots\" content=\"index, follow, max-snippet:-1, max-image-preview:large, max-video-preview:-1\" \/>\n<link rel=\"canonical\" href=\"https:\/\/kuplyu-volosy.com\/pl\/contact\/\" \/>\n<meta property=\"og:locale\" content=\"pl_PL\" \/>\n<meta property=\"og:type\" content=\"article\" \/>\n<meta property=\"og:title\" content=\"\u041a\u043e\u043d\u0442\u0430\u043a\u0442\u044b - \u041a\u0443\u043f\u043b\u044e \u0432\u043e\u043b\u043e\u0441\u044b\" \/>\n<meta property=\"og:url\" content=\"https:\/\/kuplyu-volosy.com\/pl\/contact\/\" \/>\n<meta property=\"og:site_name\" content=\"\u041a\u0443\u043f\u043b\u044e \u0432\u043e\u043b\u043e\u0441\u044b\" \/>\n<meta property=\"article:modified_time\" content=\"2023-08-10T21:07:25+00:00\" \/>\n<meta name=\"twitter:card\" content=\"summary_large_image\" \/>\n<meta name=\"twitter:label1\" content=\"Est. reading time\" \/>\n\t<meta name=\"twitter:data1\" content=\"2 minutes\" \/>\n<script type=\"application\/ld+json\" class=\"yoast-schema-graph\">{\"@context\":\"https:\/\/schema.org\",\"@graph\":[{\"@type\":\"WebPage\",\"@id\":\"https:\/\/kuplyu-volosy.com\/contact\/\",\"url\":\"https:\/\/kuplyu-volosy.com\/contact\/\",\"name\":\"\u041a\u043e\u043d\u0442\u0430\u043a\u0442\u044b - \u041a\u0443\u043f\u043b\u044e \u0432\u043e\u043b\u043e\u0441\u044b\",\"isPartOf\":{\"@id\":\"https:\/\/kuplyu-volosy.com\/#website\"},\"datePublished\":\"2013-05-31T11:56:39+00:00\",\"dateModified\":\"2023-08-10T21:07:25+00:00\",\"inLanguage\":\"pl-PL\",\"potentialAction\":[{\"@type\":\"ReadAction\",\"target\":[\"https:\/\/kuplyu-volosy.com\/contact\/\"]}]},{\"@type\":\"WebSite\",\"@id\":\"https:\/\/kuplyu-volosy.com\/#website\",\"url\":\"https:\/\/kuplyu-volosy.com\/\",\"name\":\"\u041a\u0443\u043f\u043b\u044e \u0432\u043e\u043b\u043e\u0441\u044b\",\"description\":\"\u041f\u043e\u043a\u0443\u043f\u043a\u0430 \u0432\u043e\u043b\u043e\u0441\",\"potentialAction\":[{\"@type\":\"SearchAction\",\"target\":{\"@type\":\"EntryPoint\",\"urlTemplate\":\"https:\/\/kuplyu-volosy.com\/?s={search_term_string}\"},\"query-input\":{\"@type\":\"PropertyValueSpecification\",\"valueRequired\":true,\"valueName\":\"search_term_string\"}}],\"inLanguage\":\"pl-PL\"}]}<\/script>\n<!-- \/ Yoast SEO plugin. -->","yoast_head_json":{"title":"Kontakty - Kupi\u0119 w\u0142osy","robots":{"index":"index","follow":"follow","max-snippet":"max-snippet:-1","max-image-preview":"max-image-preview:large","max-video-preview":"max-video-preview:-1"},"canonical":"https:\/\/kuplyu-volosy.com\/pl\/contact\/","og_locale":"pl_PL","og_type":"article","og_title":"\u041a\u043e\u043d\u0442\u0430\u043a\u0442\u044b - \u041a\u0443\u043f\u043b\u044e \u0432\u043e\u043b\u043e\u0441\u044b","og_url":"https:\/\/kuplyu-volosy.com\/pl\/contact\/","og_site_name":"\u041a\u0443\u043f\u043b\u044e \u0432\u043e\u043b\u043e\u0441\u044b","article_modified_time":"2023-08-10T21:07:25+00:00","twitter_card":"summary_large_image","twitter_misc":{"Est. reading time":"2 minutes"},"schema":{"@context":"https:\/\/schema.org","@graph":[{"@type":"WebPage","@id":"https:\/\/kuplyu-volosy.com\/contact\/","url":"https:\/\/kuplyu-volosy.com\/contact\/","name":"Kontakty - Kupi\u0119 w\u0142osy","isPartOf":{"@id":"https:\/\/kuplyu-volosy.com\/#website"},"datePublished":"2013-05-31T11:56:39+00:00","dateModified":"2023-08-10T21:07:25+00:00","inLanguage":"pl-PL","potentialAction":[{"@type":"ReadAction","target":["https:\/\/kuplyu-volosy.com\/contact\/"]}]},{"@type":"WebSite","@id":"https:\/\/kuplyu-volosy.com\/#website","url":"https:\/\/kuplyu-volosy.com\/","name":"kupuj w\u0142osy","description":"Kupowanie w\u0142os\u00f3w","potentialAction":[{"@type":"SearchAction","target":{"@type":"EntryPoint","urlTemplate":"https:\/\/kuplyu-volosy.com\/?s={search_term_string}"},"query-input":{"@type":"PropertyValueSpecification","valueRequired":true,"valueName":"search_term_string"}}],"inLanguage":"pl-PL"}]}},"_links":{"self":[{"href":"https:\/\/kuplyu-volosy.com\/pl\/wp-json\/wp\/v2\/pages\/9","targetHints":{"allow":["GET"]}}],"collection":[{"href":"https:\/\/kuplyu-volosy.com\/pl\/wp-json\/wp\/v2\/pages"}],"about":[{"href":"https:\/\/kuplyu-volosy.com\/pl\/wp-json\/wp\/v2\/types\/page"}],"author":[{"embeddable":true,"href":"https:\/\/kuplyu-volosy.com\/pl\/wp-json\/wp\/v2\/users\/3"}],"replies":[{"embeddable":true,"href":"https:\/\/kuplyu-volosy.com\/pl\/wp-json\/wp\/v2\/comments?post=9"}],"version-history":[{"count":10,"href":"https:\/\/kuplyu-volosy.com\/pl\/wp-json\/wp\/v2\/pages\/9\/revisions"}],"predecessor-version":[{"id":7141,"href":"https:\/\/kuplyu-volosy.com\/pl\/wp-json\/wp\/v2\/pages\/9\/revisions\/7141"}],"wp:attachment":[{"href":"https:\/\/kuplyu-volosy.com\/pl\/wp-json\/wp\/v2\/media?parent=9"}],"curies":[{"name":"wp","href":"https:\/\/api.w.org\/{rel}","templated":true}]}}