{"id":6919,"date":"2020-11-26T08:15:32","date_gmt":"2020-11-26T05:15:32","guid":{"rendered":"https:\/\/kuplyu-volosy.com\/?page_id=6919"},"modified":"2021-01-11T12:11:52","modified_gmt":"2021-01-11T09:11:52","slug":"prodati-volossya","status":"publish","type":"page","link":"https:\/\/kuplyu-volosy.com\/pl\/prodati-volossya\/","title":{"rendered":"sprzedawa\u0107 w\u0142osy"},"content":{"rendered":"<section class=\"l-section wpb_row height_medium\"><div class=\"l-section-h i-cf\"><div class=\"g-cols vc_row via_flex valign_top type_default stacking_default\"><div class=\"vc_col-sm-3 wpb_column vc_column_container\"><div class=\"vc_column-inner\"><div class=\"wpb_wrapper\"><div  class=\"wpb_widgetised_column wpb_content_element\">\n\t\t<div class=\"wpb_wrapper\">\n\t\t\t\n\t\t\t<div id=\"nav_menu-2\" class=\"widget widget_nav_menu\"><div class=\"menu-123-container\"><ul id=\"menu-123\" class=\"menu\"><li id=\"menu-item-6938\" class=\"menu-item menu-item-type-custom menu-item-object-custom menu-item-has-children menu-item-6938\"><a href=\"https:\/\/kuplyu-volosy.com\/pl\/\">sprzedawa\u0107 w\u0142osy<\/a>\n<ul class=\"sub-menu\">\n\t<li id=\"menu-item-6945\" class=\"menu-item menu-item-type-post_type menu-item-object-page menu-item-6945\"><a href=\"https:\/\/kuplyu-volosy.com\/pl\/prodati-volossya\/\">sprzedawa\u0107 w\u0142osy<\/a><\/li>\n\t<li id=\"menu-item-6939\" class=\"menu-item menu-item-type-post_type menu-item-object-page menu-item-6939\"><a href=\"https:\/\/kuplyu-volosy.com\/pl\/kupim-volosy\/\">Kupujmy w\u0142osy<\/a><\/li>\n\t<li id=\"menu-item-6940\" class=\"menu-item menu-item-type-post_type menu-item-object-page menu-item-6940\"><a href=\"https:\/\/kuplyu-volosy.com\/pl\/kupit-volosy\/\">Kup w\u0142osy<\/a><\/li>\n\t<li id=\"menu-item-6941\" class=\"menu-item menu-item-type-post_type menu-item-object-page menu-item-6941\"><a href=\"https:\/\/kuplyu-volosy.com\/pl\/kuplyu-volosy\/\">kupuj w\u0142osy<\/a><\/li>\n\t<li id=\"menu-item-6942\" class=\"menu-item menu-item-type-post_type menu-item-object-page menu-item-6942\"><a href=\"https:\/\/kuplyu-volosy.com\/pl\/pokupka-volos\/\">Kupowanie w\u0142os\u00f3w<\/a><\/li>\n\t<li id=\"menu-item-6943\" class=\"menu-item menu-item-type-post_type menu-item-object-page menu-item-6943\"><a href=\"https:\/\/kuplyu-volosy.com\/pl\/prodazha-volos\/\">sprzeda\u017c w\u0142os\u00f3w<\/a><\/li>\n\t<li id=\"menu-item-6944\" class=\"menu-item menu-item-type-post_type menu-item-object-page menu-item-6944\"><a href=\"https:\/\/kuplyu-volosy.com\/pl\/prodam-volosy\/\">Sprzedam w\u0142osy<\/a><\/li>\n\t<li id=\"menu-item-6946\" class=\"menu-item menu-item-type-post_type menu-item-object-page menu-item-6946\"><a href=\"https:\/\/kuplyu-volosy.com\/pl\/sdat-volosy\/\">odda\u0107 w\u0142osy<\/a><\/li>\n\t<li id=\"menu-item-6947\" class=\"menu-item menu-item-type-post_type menu-item-object-page menu-item-6947\"><a href=\"https:\/\/kuplyu-volosy.com\/pl\/skupka-volos\/\">Kupowanie w\u0142os\u00f3w<\/a><\/li>\n<\/ul>\n<\/li>\n<li id=\"menu-item-6831\" class=\"menu-item menu-item-type-post_type menu-item-object-page menu-item-6831\"><a href=\"https:\/\/kuplyu-volosy.com\/pl\/kak-prodat-volosy\/\">Jak sprzedawa\u0107 w\u0142osy<\/a><\/li>\n<li id=\"menu-item-6832\" class=\"menu-item menu-item-type-post_type menu-item-object-page menu-item-6832\"><a href=\"https:\/\/kuplyu-volosy.com\/pl\/skolko-stoit-prodat-volosy\/\">koszt w\u0142os\u00f3w<\/a><\/li>\n<li id=\"menu-item-6829\" class=\"menu-item menu-item-type-post_type menu-item-object-page menu-item-6829\"><a href=\"https:\/\/kuplyu-volosy.com\/pl\/kak-pravilno-izmerit-volosy\/\">Zmierzy\u0107 \/ obci\u0105\u0107 w\u0142osy<\/a><\/li>\n<li id=\"menu-item-6830\" class=\"menu-item menu-item-type-post_type menu-item-object-page menu-item-6830\"><a href=\"https:\/\/kuplyu-volosy.com\/pl\/oplata-proezda\/\">P\u0142atno\u015b\u0107 za przejazd<\/a><\/li>\n<li id=\"menu-item-6833\" class=\"menu-item menu-item-type-post_type menu-item-object-page menu-item-6833\"><a href=\"https:\/\/kuplyu-volosy.com\/pl\/vopros-otvet\/\">Pytania i odpowiedzi przy sprzeda\u017cy w\u0142os\u00f3w<\/a><\/li>\n<li id=\"menu-item-6834\" class=\"menu-item menu-item-type-post_type menu-item-object-page menu-item-6834\"><a href=\"https:\/\/kuplyu-volosy.com\/pl\/contact\/\">\u0141\u0105czno\u015b\u0107<\/a><\/li>\n<\/ul><\/div><\/div>\n\t\t<\/div>\n\t<\/div>\n<\/div><\/div><\/div><div class=\"vc_col-sm-9 wpb_column vc_column_container\"><div class=\"vc_column-inner\"><div class=\"wpb_wrapper\"><div class=\"wpb_text_column\"><div class=\"wpb_wrapper\"><p>Jak \u017cartujesz, kto mo\u017ce zobaczy\u0107 <strong>sprzeda\u0107 swoje w\u0142osy<\/strong> w Kijowie i na terenie ca\u0142ej Ukrainy. <em>Wr\u00f3\u0107 do naszej firmy<\/em><\/p>\n<\/div><\/div><div class=\"wpb_text_column\"><div class=\"wpb_wrapper\"><header class=\"section-heading\"><strong>Shukaete, kt\u00f3remu jasne jest sprzedawanie w\u0142os\u00f3w<\/strong>Zawsze jeste\u015bmy gotowi kupi\u0107 twoje w\u0142osy w najlepszej cenie na ca\u0142ej Ukrainie<\/header>\n<div class=\"section-content\">\n<p class=\"text-justify\">Mieszka\u0144cy bogatych miast mog\u0105 sprzeda\u0107 swoje w\u0142osy specjalnie nam! Zr\u00f3b sobie prezent, nie walcz i poprawiaj si\u0119, sprzedaj\u0105c swoje koszenie, pracuj dla dobra prawicy i zarabiaj dodatkowe grosze na zakupach. Ju\u017c teraz zadzwo\u0144 po konsultacj\u0119 pod numer telefonu, zawsze b\u0119dziemy gotowi doradzi\u0107 Ci w sprawie jedzenia i zapyta\u0107 o europejskie ceny. Nasza firma jest zawsze gotowa zapyta\u0107 o now\u0105 cen\u0119 za naturalne s\u0142owo\u00a0<b>40 cm<\/b>, a tak\u017ce kr\u00f3tsz\u0105 obs\u0142ug\u0119 i konserwacj\u0119. Pozw\u00f3l naszym profesjonalistom zatroszczy\u0107 si\u0119 o nasz\u0105 sk\u00f3r\u0119 i szanuj naszego klienta, to gwarancja maksymalnej satysfakcji ze spivpratsi.<\/p>\n<h2 class=\"text-justify\">sprzedawa\u0107 w\u0142osy<\/h2>\n<p class=\"text-justify\">Pragnennya d\u0456vchat matki dovge i grubsze w\u0142osy, z kt\u00f3rych mo\u017cna tworzy\u0107 r\u00f3\u017cne fryzury, stworzy\u0142y nap\u00f3j sprzeda\u017cy naturalnych w\u0142os\u00f3w. Jednocze\u015bnie mo\u017cesz doprowadzi\u0107 go do jasnego umys\u0142u biznesu, kt\u00f3ry mo\u017ce by\u0107 bezosobowymi niuansami. Zajmowanie tej niszy nie jest takie \u0142atwe, wi\u0119c varto dowiedz si\u0119 wszystkiego szczeg\u00f3\u0142owo.<\/p>\n<p><strong>Gdzie sprzedawa\u0107?<\/strong><br \/>\nZawsze jeste\u015bmy gotowi kupi\u0107 twoje w\u0142osy w najlepszej cenie na ca\u0142ej Ukrainie. Daj sobie nastr\u00f3j, nie walcz o zmian\u0119 i popraw\u0119. Sprzedaj swoj\u0105 kosiark\u0119, pracuj dla dobra dobra i zarabiaj dodatkowe grosze na zakupach.<\/p>\n<p>Nasze w\u0142osy s\u0105 pozbawione silikonu i wyko\u0144czenia, co oznacza, \u017ce b\u0119d\u0105 niepor\u00f3wnywalne podczas skubania. Ka\u017cdego dnia osoba nie mo\u017ce hodowa\u0107 przed\u0142u\u017cania w\u0142os\u00f3w na sw\u00f3j w\u0142asny spos\u00f3b. Chi tse nie martw si\u0119? Oczywi\u015bcie wszechstronno\u015b\u0107 takiego materia\u0142u jest bardziej uderzaj\u0105ca w kawa\u0142kach kawa\u0142k\u00f3w, ale jest ma\u0142o prawdopodobne, aby jedna dziewczyna by\u0142a w stanie zaryzykowa\u0107 swoim pi\u0119knym wygl\u0105dem.<\/p>\n<p>Materia\u0142 najlepiej kupowa\u0107 w sklepach stacjonarnych lub specjalistycznych. Ma to na celu upewnienie si\u0119, \u017ce jeste\u015b bezpieczny przed starym wygl\u0105dem, kt\u00f3ry na pewno nie zaszkodzi Twojemu zdrowiu. Motek bliskuchi, aby s\u0142u\u017cy\u0142 ci d\u0142u\u017cej yakomog.<\/p>\n<p>Kupuj\u0105c w\u0142osy r\u0119k\u0105, musz\u0119 pami\u0119ta\u0107 o dekadzie wa\u017cnych czynnik\u00f3w:<\/p>\n<p>\u25cf M\u00f3wi\u0105c o regionie, najwi\u0119kszymi eksporterami s\u0105 Azja, zw\u0142aszcza Indie. Wynika to z faktu, \u017ce w\u0142osy na tych ziemiach mniej boj\u0105 si\u0119 wystawnych lok\u00f3w, a dziewcz\u0119ta cz\u0119\u015bciej u\u017cywaj\u0105 naturalnych kosmetyk\u00f3w ze wzgl\u0119du na wzrok. W wyniku szowkowskiego i b\u0142ogiego splotu bez problemu mieszcz\u0105 si\u0119 w zachistce.<\/p>\n<p>\u25cf Struktura w\u0142os\u00f3w wynika z buti na v\u0456dminny stan\u0456, a nie poshkodzhen, nie pofarbovana i pi\u0119knej marki.<br \/>\n\u25cf R\u0456vniy zr\u0456z, \u017ce ohayn\u0456st zamki.<br \/>\n\u25cf Dow\u017cyna ow\u0142osiona.<\/p>\n<p>Nasza firma zajmuje si\u0119 skupem w\u0142os\u00f3w naturalnych na terenie Kijowa i ca\u0142ej Ukrainy. Dlatego, zwracaj\u0105c si\u0119 przed nami, mo\u017cesz szczeg\u00f3lnie wypaczy\u0107 wszystko i dopiero potem mo\u017cesz zosta\u0107 wyznaczony. Staramy si\u0119 by\u0107 jak najbardziej szczerzy w stosunku do naszych klient\u00f3w, aby\u015bmy mogli tworzy\u0107 dobr\u0105 i przyjazn\u0105 atmosfer\u0119 na przysz\u0142o\u015b\u0107.<\/p>\n<p><strong>sprzedawca w\u0142os\u00f3w<\/strong><br \/>\nW ogromie internetu kr\u0105\u017cy wiele opowie\u015bci o tych, jak widz\u0105 je dziewczyny w szpitalach psychiatrycznych. Mimo wszystko, nie troch\u0119 lamentu i laka\u0454, ale je\u015bli chcesz rozwin\u0105\u0107 wszystkie opowie\u015bci, nie tak!<\/p>\n<p>Najcz\u0119\u015bciej m\u0142ode dziewczyny sprzedaj\u0105 swoje pieni\u0105dze, poniewa\u017c potrzebuj\u0105 dodatkowego dochodu, a tak\u017ce te, kt\u00f3re uwielbiaj\u0105 eksperymentowa\u0107 z zach\u0456sk\u0105.<\/p>\n<p>W\u0142osy nie s\u0105 vidobuvayut brutalnymi metodami. Istniej\u0105 r\u00f3wnie\u017c bezosobowe o\u015brodki dobroczynne, kt\u00f3rych uczestnicy rado\u015bnie oddaj\u0105 swoje grzywy na dobre. Wa\u017cne jest, aby zrozumie\u0107, \u017ce twoje w\u0142osy mog\u0105 sta\u0107 si\u0119 prezentem dla innej osoby.<\/p>\n<p>\u041e\u0440\u0433\u0430\u043d\u0456\u0437\u0430\u0446\u0456\u0457 \u0431\u0443\u0432\u0430\u044e\u0442\u044c, \u044f\u043a \u0431\u043b\u0430\u0433\u043e\u0434\u0456\u0439\u043d\u0438\u043c, \u0442\u0430\u043a \u0456 \u0437\u0430\u0441\u043d\u043e\u0432\u0430\u043d\u0438\u043c\u0438 \u0437\u0430\u0440\u0430\u0434\u0438 \u043f\u0440\u0438\u0431\u0443\u0442\u043a\u0443. \u041f\u0440\u043e\u0442\u0435, \u043c\u0435\u0442\u0430 \u043e\u0434\u043d\u0430 &#8212; \u043e\u0449\u0430\u0441\u043b\u0438\u0432\u0438\u0442\u0438 \u043a\u043e\u0436\u043d\u043e\u0433\u043e \u043a\u0440\u0430\u0441\u0438\u0432\u0438\u043c\u0438 \u043b\u043e\u043a\u043e\u043d\u0430\u043c\u0438 \u0437\u0430 \u0434\u043e\u043f\u043e\u043c\u043e\u0433\u043e\u044e \u043d\u0430\u0440\u043e\u0449\u0443\u0432\u0430\u043d\u043d\u044f \u0456 \u043f\u0435\u0440\u0443\u043a.<\/p>\n<p>Ju\u017c teraz zadzwo\u0144 po konsultacj\u0119 pod numer telefonu, zawsze b\u0119dziemy gotowi doradzi\u0107 Ci w sprawie jedzenia i zapyta\u0107 o europejskie ceny. Nasza firma jest zawsze gotowa zaoferowa\u0107 najlepsz\u0105 cen\u0119 za naturalne s\u0142owo o wielko\u015bci 40 cm, a tak\u017ce kr\u00f3tszy serwis i konserwacj\u0119. Pozw\u00f3l naszym profesjonalistom zatroszczy\u0107 si\u0119 o nasz\u0105 sk\u00f3r\u0119 i szanuj naszego klienta, to gwarancja maksymalnej satysfakcji ze spivpratsi.<\/p>\n<\/div>\n<\/div><\/div><\/div><\/div><\/div><\/div><\/div><\/section>","protected":false},"excerpt":{"rendered":"\u041f\u0440\u043e\u0434\u0430\u0442\u044c \u0432\u043e\u043b\u043e\u0441\u044b \u041f\u0440\u043e\u0434\u0430\u0442\u0438 \u0432\u043e\u043b\u043e\u0441\u0441\u044f \u041a\u0443\u043f\u0438\u043c \u0432\u043e\u043b\u043e\u0441\u044b \u041a\u0443\u043f\u0438\u0442\u044c \u0432\u043e\u043b\u043e\u0441\u044b \u041a\u0443\u043f\u043b\u044e \u0432\u043e\u043b\u043e\u0441\u044b \u041f\u043e\u043a\u0443\u043f\u043a\u0430 \u0432\u043e\u043b\u043e\u0441 \u041f\u0440\u043e\u0434\u0430\u0436\u0430 \u0432\u043e\u043b\u043e\u0441 \u041f\u0440\u043e\u0434\u0430\u043c \u0432\u043e\u043b\u043e\u0441\u044b \u0421\u0434\u0430\u0442\u044c \u0432\u043e\u043b\u043e\u0441\u044b \u0421\u043a\u0443\u043f\u043a\u0430 \u0432\u043e\u043b\u043e\u0441 \u041a\u0430\u043a \u043f\u0440\u043e\u0434\u0430\u0442\u044c \u0432\u043e\u043b\u043e\u0441\u044b \u0421\u0442\u043e\u0438\u043c\u043e\u0441\u0442\u044c \u0432\u043e\u043b\u043e\u0441 \u0418\u0437\u043c\u0435\u0440\u0438\u0442\u044c \/ \u0441\u0440\u0435\u0437\u0430\u0442\u044c \u0432\u043e\u043b\u043e\u0441\u044b \u041e\u043f\u043b\u0430\u0442\u0430 \u043f\u0440\u043e\u0435\u0437\u0434\u0430 \u0412\u043e\u043f\u0440\u043e\u0441 \u0438 \u043e\u0442\u0432\u0435\u0442\u044b \u043f\u0440\u0438 \u043f\u0440\u043e\u0434\u0430\u0436\u0435 \u0432\u043e\u043b\u043e\u0441 \u041a\u043e\u043d\u0442\u0430\u043a\u0442\u044b \u042f\u043a\u0449\u043e \u0432\u0438 \u0448\u0443\u043a\u0430\u0454\u0442\u0435 \u043a\u043e\u043c\u0443 \u0432\u0438\u0433\u0456\u0434\u043d\u043e \u043f\u0440\u043e\u0434\u0430\u0442\u0438 \u0432\u043e\u043b\u043e\u0441\u0441\u044f \u0432 \u041a\u0438\u0454\u0432\u0456 \u0442\u0430 \u043f\u043e \u0432\u0441\u0456\u0439 \u0423\u043a\u0440\u0430\u0457\u043d\u0456. \u0417\u0432\u0435\u0440\u0442\u0430\u0439\u0442\u0435\u0441\u044c \u0434\u043e \u043d\u0430\u0448\u043e\u0457 \u043a\u043e\u043c\u043f\u0430\u043d\u0456\u0457...","protected":false},"author":4,"featured_media":0,"parent":0,"menu_order":0,"comment_status":"closed","ping_status":"closed","template":"","meta":{"_acf_changed":false,"footnotes":""},"class_list":["post-6919","page","type-page","status-publish","hentry"],"acf":[],"yoast_head":"<!-- This site is optimized with the Yoast SEO plugin v24.3 - https:\/\/yoast.com\/wordpress\/plugins\/seo\/ -->\n<title>\u041f\u0440\u043e\u0434\u0430\u0442\u0438 \u0432\u043e\u043b\u043e\u0441\u0441\u044f \u0432 \u041a\u0438\u0454\u0432\u0456 \u0442\u0430 \u043f\u043e \u0432\u0441\u0456\u0439 \u0423\u043a\u0440\u0430\u0457\u043d\u0456 \u043f\u043e \u043a\u0440\u0430\u0449\u0456\u0439 \u0446\u0438\u043d\u0456<\/title>\n<meta name=\"description\" content=\"\u042f\u043a\u0449\u043e \u0432\u0438 \u0448\u0443\u043a\u0430\u0454\u0442\u0435 \u043a\u043e\u043c\u0443 \u0432\u0438\u0433\u0456\u0434\u043d\u043e \u043f\u0440\u043e\u0434\u0430\u0442\u0438 \u0432\u043e\u043b\u043e\u0441\u0441\u044f \u0432 \u041a\u0438\u0454\u0432\u0456 \u0442\u0430 \u043f\u043e \u0432\u0441\u0456\u0439 \u0423\u043a\u0440\u0430\u0457\u043d\u0456. \u0417\u0432\u0435\u0440\u0442\u0430\u0439\u0442\u0435\u0441\u044c \u0434\u043e \u043d\u0430\u0448\u043e\u0457 \u043a\u043e\u043c\u043f\u0430\u043d\u0456\u0457. \u041a\u0443\u043f\u0443\u0454\u043c\u043e \u0432\u043e\u043b\u043e\u0441\u0441\u044f.\" \/>\n<meta name=\"robots\" content=\"index, follow, max-snippet:-1, max-image-preview:large, max-video-preview:-1\" \/>\n<link rel=\"canonical\" href=\"https:\/\/kuplyu-volosy.com\/pl\/prodati-volossya\/\" \/>\n<meta property=\"og:locale\" content=\"pl_PL\" \/>\n<meta property=\"og:type\" content=\"article\" \/>\n<meta property=\"og:title\" content=\"\u041f\u0440\u043e\u0434\u0430\u0442\u0438 \u0432\u043e\u043b\u043e\u0441\u0441\u044f \u0432 \u041a\u0438\u0454\u0432\u0456 \u0442\u0430 \u043f\u043e \u0432\u0441\u0456\u0439 \u0423\u043a\u0440\u0430\u0457\u043d\u0456 \u043f\u043e \u043a\u0440\u0430\u0449\u0456\u0439 \u0446\u0438\u043d\u0456\" \/>\n<meta property=\"og:description\" content=\"\u042f\u043a\u0449\u043e \u0432\u0438 \u0448\u0443\u043a\u0430\u0454\u0442\u0435 \u043a\u043e\u043c\u0443 \u0432\u0438\u0433\u0456\u0434\u043d\u043e \u043f\u0440\u043e\u0434\u0430\u0442\u0438 \u0432\u043e\u043b\u043e\u0441\u0441\u044f \u0432 \u041a\u0438\u0454\u0432\u0456 \u0442\u0430 \u043f\u043e \u0432\u0441\u0456\u0439 \u0423\u043a\u0440\u0430\u0457\u043d\u0456. \u0417\u0432\u0435\u0440\u0442\u0430\u0439\u0442\u0435\u0441\u044c \u0434\u043e \u043d\u0430\u0448\u043e\u0457 \u043a\u043e\u043c\u043f\u0430\u043d\u0456\u0457. \u041a\u0443\u043f\u0443\u0454\u043c\u043e \u0432\u043e\u043b\u043e\u0441\u0441\u044f.\" \/>\n<meta property=\"og:url\" content=\"https:\/\/kuplyu-volosy.com\/pl\/prodati-volossya\/\" \/>\n<meta property=\"og:site_name\" content=\"\u041a\u0443\u043f\u043b\u044e \u0432\u043e\u043b\u043e\u0441\u044b\" \/>\n<meta property=\"article:modified_time\" content=\"2021-01-11T09:11:52+00:00\" \/>\n<meta name=\"twitter:card\" content=\"summary_large_image\" \/>\n<script type=\"application\/ld+json\" class=\"yoast-schema-graph\">{\"@context\":\"https:\/\/schema.org\",\"@graph\":[{\"@type\":\"WebPage\",\"@id\":\"https:\/\/kuplyu-volosy.com\/prodati-volossya\/\",\"url\":\"https:\/\/kuplyu-volosy.com\/prodati-volossya\/\",\"name\":\"\u041f\u0440\u043e\u0434\u0430\u0442\u0438 \u0432\u043e\u043b\u043e\u0441\u0441\u044f \u0432 \u041a\u0438\u0454\u0432\u0456 \u0442\u0430 \u043f\u043e \u0432\u0441\u0456\u0439 \u0423\u043a\u0440\u0430\u0457\u043d\u0456 \u043f\u043e \u043a\u0440\u0430\u0449\u0456\u0439 \u0446\u0438\u043d\u0456\",\"isPartOf\":{\"@id\":\"https:\/\/kuplyu-volosy.com\/#website\"},\"datePublished\":\"2020-11-26T05:15:32+00:00\",\"dateModified\":\"2021-01-11T09:11:52+00:00\",\"description\":\"\u042f\u043a\u0449\u043e \u0432\u0438 \u0448\u0443\u043a\u0430\u0454\u0442\u0435 \u043a\u043e\u043c\u0443 \u0432\u0438\u0433\u0456\u0434\u043d\u043e \u043f\u0440\u043e\u0434\u0430\u0442\u0438 \u0432\u043e\u043b\u043e\u0441\u0441\u044f \u0432 \u041a\u0438\u0454\u0432\u0456 \u0442\u0430 \u043f\u043e \u0432\u0441\u0456\u0439 \u0423\u043a\u0440\u0430\u0457\u043d\u0456. \u0417\u0432\u0435\u0440\u0442\u0430\u0439\u0442\u0435\u0441\u044c \u0434\u043e \u043d\u0430\u0448\u043e\u0457 \u043a\u043e\u043c\u043f\u0430\u043d\u0456\u0457. \u041a\u0443\u043f\u0443\u0454\u043c\u043e \u0432\u043e\u043b\u043e\u0441\u0441\u044f.\",\"inLanguage\":\"pl-PL\",\"potentialAction\":[{\"@type\":\"ReadAction\",\"target\":[\"https:\/\/kuplyu-volosy.com\/prodati-volossya\/\"]}]},{\"@type\":\"WebSite\",\"@id\":\"https:\/\/kuplyu-volosy.com\/#website\",\"url\":\"https:\/\/kuplyu-volosy.com\/\",\"name\":\"\u041a\u0443\u043f\u043b\u044e \u0432\u043e\u043b\u043e\u0441\u044b\",\"description\":\"\u041f\u043e\u043a\u0443\u043f\u043a\u0430 \u0432\u043e\u043b\u043e\u0441\",\"potentialAction\":[{\"@type\":\"SearchAction\",\"target\":{\"@type\":\"EntryPoint\",\"urlTemplate\":\"https:\/\/kuplyu-volosy.com\/?s={search_term_string}\"},\"query-input\":{\"@type\":\"PropertyValueSpecification\",\"valueRequired\":true,\"valueName\":\"search_term_string\"}}],\"inLanguage\":\"pl-PL\"}]}<\/script>\n<!-- \/ Yoast SEO plugin. -->","yoast_head_json":{"title":"Sprzedawaj w\u0142osy w Kijowie i na terenie ca\u0142ej Ukrainy po ni\u017cszej cenie","description":"Zastanawiam si\u0119 tylko, kto powinien sprzedawa\u0107 w\u0142osy w Kijowie i na ca\u0142ej Ukrainie. Wr\u00f3\u0107 do naszej firmy. Kup w\u0142osy.","robots":{"index":"index","follow":"follow","max-snippet":"max-snippet:-1","max-image-preview":"max-image-preview:large","max-video-preview":"max-video-preview:-1"},"canonical":"https:\/\/kuplyu-volosy.com\/pl\/prodati-volossya\/","og_locale":"pl_PL","og_type":"article","og_title":"\u041f\u0440\u043e\u0434\u0430\u0442\u0438 \u0432\u043e\u043b\u043e\u0441\u0441\u044f \u0432 \u041a\u0438\u0454\u0432\u0456 \u0442\u0430 \u043f\u043e \u0432\u0441\u0456\u0439 \u0423\u043a\u0440\u0430\u0457\u043d\u0456 \u043f\u043e \u043a\u0440\u0430\u0449\u0456\u0439 \u0446\u0438\u043d\u0456","og_description":"\u042f\u043a\u0449\u043e \u0432\u0438 \u0448\u0443\u043a\u0430\u0454\u0442\u0435 \u043a\u043e\u043c\u0443 \u0432\u0438\u0433\u0456\u0434\u043d\u043e \u043f\u0440\u043e\u0434\u0430\u0442\u0438 \u0432\u043e\u043b\u043e\u0441\u0441\u044f \u0432 \u041a\u0438\u0454\u0432\u0456 \u0442\u0430 \u043f\u043e \u0432\u0441\u0456\u0439 \u0423\u043a\u0440\u0430\u0457\u043d\u0456. \u0417\u0432\u0435\u0440\u0442\u0430\u0439\u0442\u0435\u0441\u044c \u0434\u043e \u043d\u0430\u0448\u043e\u0457 \u043a\u043e\u043c\u043f\u0430\u043d\u0456\u0457. \u041a\u0443\u043f\u0443\u0454\u043c\u043e \u0432\u043e\u043b\u043e\u0441\u0441\u044f.","og_url":"https:\/\/kuplyu-volosy.com\/pl\/prodati-volossya\/","og_site_name":"\u041a\u0443\u043f\u043b\u044e \u0432\u043e\u043b\u043e\u0441\u044b","article_modified_time":"2021-01-11T09:11:52+00:00","twitter_card":"summary_large_image","schema":{"@context":"https:\/\/schema.org","@graph":[{"@type":"WebPage","@id":"https:\/\/kuplyu-volosy.com\/prodati-volossya\/","url":"https:\/\/kuplyu-volosy.com\/prodati-volossya\/","name":"Sprzedawaj w\u0142osy w Kijowie i na terenie ca\u0142ej Ukrainy po ni\u017cszej cenie","isPartOf":{"@id":"https:\/\/kuplyu-volosy.com\/#website"},"datePublished":"2020-11-26T05:15:32+00:00","dateModified":"2021-01-11T09:11:52+00:00","description":"Zastanawiam si\u0119 tylko, kto powinien sprzedawa\u0107 w\u0142osy w Kijowie i na ca\u0142ej Ukrainie. Wr\u00f3\u0107 do naszej firmy. Kup w\u0142osy.","inLanguage":"pl-PL","potentialAction":[{"@type":"ReadAction","target":["https:\/\/kuplyu-volosy.com\/prodati-volossya\/"]}]},{"@type":"WebSite","@id":"https:\/\/kuplyu-volosy.com\/#website","url":"https:\/\/kuplyu-volosy.com\/","name":"kupuj w\u0142osy","description":"Kupowanie w\u0142os\u00f3w","potentialAction":[{"@type":"SearchAction","target":{"@type":"EntryPoint","urlTemplate":"https:\/\/kuplyu-volosy.com\/?s={search_term_string}"},"query-input":{"@type":"PropertyValueSpecification","valueRequired":true,"valueName":"search_term_string"}}],"inLanguage":"pl-PL"}]}},"_links":{"self":[{"href":"https:\/\/kuplyu-volosy.com\/pl\/wp-json\/wp\/v2\/pages\/6919","targetHints":{"allow":["GET"]}}],"collection":[{"href":"https:\/\/kuplyu-volosy.com\/pl\/wp-json\/wp\/v2\/pages"}],"about":[{"href":"https:\/\/kuplyu-volosy.com\/pl\/wp-json\/wp\/v2\/types\/page"}],"author":[{"embeddable":true,"href":"https:\/\/kuplyu-volosy.com\/pl\/wp-json\/wp\/v2\/users\/4"}],"replies":[{"embeddable":true,"href":"https:\/\/kuplyu-volosy.com\/pl\/wp-json\/wp\/v2\/comments?post=6919"}],"version-history":[{"count":4,"href":"https:\/\/kuplyu-volosy.com\/pl\/wp-json\/wp\/v2\/pages\/6919\/revisions"}],"predecessor-version":[{"id":7009,"href":"https:\/\/kuplyu-volosy.com\/pl\/wp-json\/wp\/v2\/pages\/6919\/revisions\/7009"}],"wp:attachment":[{"href":"https:\/\/kuplyu-volosy.com\/pl\/wp-json\/wp\/v2\/media?parent=6919"}],"curies":[{"name":"wp","href":"https:\/\/api.w.org\/{rel}","templated":true}]}}