{"id":6823,"date":"2019-06-12T00:42:18","date_gmt":"2019-06-11T21:42:18","guid":{"rendered":"https:\/\/kuplyu-volosy.com\/?page_id=6823"},"modified":"2023-08-11T00:13:44","modified_gmt":"2023-08-10T21:13:44","slug":"skolko-stoit-prodat-volosy","status":"publish","type":"page","link":"https:\/\/kuplyu-volosy.com\/pl\/skolko-stoit-prodat-volosy\/","title":{"rendered":"Ile kosztuje sprzeda\u017c w\u0142os\u00f3w?"},"content":{"rendered":"<section class=\"l-section wpb_row height_medium\"><div class=\"l-section-h i-cf\"><div class=\"g-cols vc_row via_flex valign_top type_default stacking_default\"><div class=\"vc_col-sm-3 wpb_column vc_column_container\"><div class=\"vc_column-inner\"><div class=\"wpb_wrapper\"><div  class=\"wpb_widgetised_column wpb_content_element\">\n\t\t<div class=\"wpb_wrapper\">\n\t\t\t\n\t\t\t<div id=\"nav_menu-2\" class=\"widget widget_nav_menu\"><div class=\"menu-123-container\"><ul id=\"menu-123\" class=\"menu\"><li id=\"menu-item-6938\" class=\"menu-item menu-item-type-custom menu-item-object-custom menu-item-has-children menu-item-6938\"><a href=\"https:\/\/kuplyu-volosy.com\/pl\/\">sprzedawa\u0107 w\u0142osy<\/a>\n<ul class=\"sub-menu\">\n\t<li id=\"menu-item-6945\" class=\"menu-item menu-item-type-post_type menu-item-object-page menu-item-6945\"><a href=\"https:\/\/kuplyu-volosy.com\/pl\/prodati-volossya\/\">sprzedawa\u0107 w\u0142osy<\/a><\/li>\n\t<li id=\"menu-item-6939\" class=\"menu-item menu-item-type-post_type menu-item-object-page menu-item-6939\"><a href=\"https:\/\/kuplyu-volosy.com\/pl\/kupim-volosy\/\">Kupujmy w\u0142osy<\/a><\/li>\n\t<li id=\"menu-item-6940\" class=\"menu-item menu-item-type-post_type menu-item-object-page menu-item-6940\"><a href=\"https:\/\/kuplyu-volosy.com\/pl\/kupit-volosy\/\">Kup w\u0142osy<\/a><\/li>\n\t<li id=\"menu-item-6941\" class=\"menu-item menu-item-type-post_type menu-item-object-page menu-item-6941\"><a href=\"https:\/\/kuplyu-volosy.com\/pl\/kuplyu-volosy\/\">kupuj w\u0142osy<\/a><\/li>\n\t<li id=\"menu-item-6942\" class=\"menu-item menu-item-type-post_type menu-item-object-page menu-item-6942\"><a href=\"https:\/\/kuplyu-volosy.com\/pl\/pokupka-volos\/\">Kupowanie w\u0142os\u00f3w<\/a><\/li>\n\t<li id=\"menu-item-6943\" class=\"menu-item menu-item-type-post_type menu-item-object-page menu-item-6943\"><a href=\"https:\/\/kuplyu-volosy.com\/pl\/prodazha-volos\/\">sprzeda\u017c w\u0142os\u00f3w<\/a><\/li>\n\t<li id=\"menu-item-6944\" class=\"menu-item menu-item-type-post_type menu-item-object-page menu-item-6944\"><a href=\"https:\/\/kuplyu-volosy.com\/pl\/prodam-volosy\/\">Sprzedam w\u0142osy<\/a><\/li>\n\t<li id=\"menu-item-6946\" class=\"menu-item menu-item-type-post_type menu-item-object-page menu-item-6946\"><a href=\"https:\/\/kuplyu-volosy.com\/pl\/sdat-volosy\/\">odda\u0107 w\u0142osy<\/a><\/li>\n\t<li id=\"menu-item-6947\" class=\"menu-item menu-item-type-post_type menu-item-object-page menu-item-6947\"><a href=\"https:\/\/kuplyu-volosy.com\/pl\/skupka-volos\/\">Kupowanie w\u0142os\u00f3w<\/a><\/li>\n<\/ul>\n<\/li>\n<li id=\"menu-item-6831\" class=\"menu-item menu-item-type-post_type menu-item-object-page menu-item-6831\"><a href=\"https:\/\/kuplyu-volosy.com\/pl\/kak-prodat-volosy\/\">Jak sprzedawa\u0107 w\u0142osy<\/a><\/li>\n<li id=\"menu-item-6832\" class=\"menu-item menu-item-type-post_type menu-item-object-page menu-item-6832\"><a href=\"https:\/\/kuplyu-volosy.com\/pl\/skolko-stoit-prodat-volosy\/\">koszt w\u0142os\u00f3w<\/a><\/li>\n<li id=\"menu-item-6829\" class=\"menu-item menu-item-type-post_type menu-item-object-page menu-item-6829\"><a href=\"https:\/\/kuplyu-volosy.com\/pl\/kak-pravilno-izmerit-volosy\/\">Zmierzy\u0107 \/ obci\u0105\u0107 w\u0142osy<\/a><\/li>\n<li id=\"menu-item-6830\" class=\"menu-item menu-item-type-post_type menu-item-object-page menu-item-6830\"><a href=\"https:\/\/kuplyu-volosy.com\/pl\/oplata-proezda\/\">P\u0142atno\u015b\u0107 za przejazd<\/a><\/li>\n<li id=\"menu-item-6833\" class=\"menu-item menu-item-type-post_type menu-item-object-page menu-item-6833\"><a href=\"https:\/\/kuplyu-volosy.com\/pl\/vopros-otvet\/\">Pytania i odpowiedzi przy sprzeda\u017cy w\u0142os\u00f3w<\/a><\/li>\n<li id=\"menu-item-6834\" class=\"menu-item menu-item-type-post_type menu-item-object-page menu-item-6834\"><a href=\"https:\/\/kuplyu-volosy.com\/pl\/contact\/\">\u0141\u0105czno\u015b\u0107<\/a><\/li>\n<\/ul><\/div><\/div>\n\t\t<\/div>\n\t<\/div>\n<\/div><\/div><\/div><div class=\"vc_col-sm-9 wpb_column vc_column_container\"><div class=\"vc_column-inner\"><div class=\"wpb_wrapper\"><div class=\"w-image align_none\"><div class=\"w-image-h\"><img loading=\"lazy\" decoding=\"async\" width=\"300\" height=\"226\" src=\"https:\/\/kuplyu-volosy.com\/wp-content\/uploads\/2023\/08\/1-300x226.png\" class=\"attachment-medium size-medium\" alt=\"\" srcset=\"https:\/\/kuplyu-volosy.com\/wp-content\/uploads\/2023\/08\/1-300x226.png 300w, https:\/\/kuplyu-volosy.com\/wp-content\/uploads\/2023\/08\/1-16x12.png 16w, https:\/\/kuplyu-volosy.com\/wp-content\/uploads\/2023\/08\/1.png 400w\" sizes=\"auto, (max-width: 300px) 100vw, 300px\" \/><\/div><\/div><div class=\"w-separator size_large\"><\/div><div class=\"wpb_text_column\"><div class=\"wpb_wrapper\"><h2 style=\"text-align: center;\">Kupowanie w\u0142os\u00f3w w miastach Ukrainy<\/h2>\n<p><strong>w Kijowie:<\/strong><\/p>\n<ul>\n<li>Rejon go\u0142osiejewski: Teremki, Demijewka.<\/li>\n<li>Rejon darnicki: m. Charkowska, m. Poznyaki, m. Osokorki, m. Darnica.<\/li>\n<li>Rejon desnia\u0144ski: Trojeszczyna, obszar le\u015bny, Bykownia.<\/li>\n<li>Rejon Dnieprowski: m. Levoberezhnaya, m. Czernigowskaja, Rusaniwka, Bereznyaki, Woskresenka, Masyw T\u0119czy.<\/li>\n<li>Obo\u0142o\u0144ski rejon: Obo\u0142o\u0144, masyw Mi\u0144ska, Pietr\u00f3wka (Po\u0142a\u0144cuch).<\/li>\n<li>Rejon Peczerski: m. Druzhby Narodov, m. Vydubychi, m. Pecherskaya, m. Klovskaya, m. Arsenalnaya.<\/li>\n<li>Rejon Podolski: Podil, Plac Kontraktowy, Kurenevka, Vinogradar.<\/li>\n<li>Rejon Svyatoshinsky: Akademgorodok, Borshchagovka, Svyatoshyn, Beresteyka.<\/li>\n<li>Rejon Solomensky: Chokolovka, Otradny, Solomenka.<\/li>\n<li>Rejon Szewczenko: Chreszczatyk, Szulawka, \u0141ukianowka, Doroho\u017cycze.<\/li>\n<\/ul>\n<p><strong>obw\u00f3d winnicki:<\/strong><\/p>\n<ul>\n<li>Bar, Berszad, Winnica. Gaisin, Zhmerynka, Ilintsy, Kalinovka, Kazatin, Kryzhopol, Lipovets, Litin, Mohylew-Podolski, Murovany Kurilovtsy, Nemirov, Oratov, Peschanka, Cmentarz, Teplik, Tomaszpol, Trostyanets, Tulchin, Tyvrov, Chmilnik, Czerniowce, Czeczelnik, Shargorod, Yapmol .<\/li>\n<\/ul>\n<p><strong>obw\u00f3d wo\u0142y\u0144ski:<\/strong><\/p>\n<ul>\n<li>\u0141uck, W\u0142odzimierz Wo\u0142y\u0144ski, Gorochow, Iwanicze, Kiwerce, Kowel, Kamie\u0144-Kaszirski, \u0141okacze, Lubeszow, Luboml, Maniewicze, Ratno, Ro\u017ciszcze, Stara Wy\u017cewka, Turijsk, Szack.<\/li>\n<\/ul>\n<p><strong>Obw\u00f3d dniepropetrowski:<\/strong><\/p>\n<ul>\n<li>Dnipro, Krzywy R\u00f3g, Paw\u0142ograd, Perszotrawe\u0144sk<\/li>\n<\/ul>\n<p><strong>obw\u00f3d doniecki:<\/strong><\/p>\n<ul>\n<li>Mariupol<\/li>\n<\/ul>\n<p><strong>obw\u00f3d \u017cytomierski:<\/strong><\/p>\n<ul>\n<li>Andruszewka, Baranowka, Berdyczow, Brusi\u0142ow, Emilchino, \u017bytomierz, Koroste\u0144, Korostyszew, Luginy, Lubar, Malin, Narodichi, Nowogr\u00f3d Wo\u0142y\u0144ski, Owruch, Olewsk, Popelnya, Puliny, Radomyszl, Romanow, Ru\u017cyn, Choroszew, Czerniachow, Czudnowsk.<\/li>\n<\/ul>\n<p><strong>obw\u00f3d zakarpacki:<\/strong><\/p>\n<ul>\n<li>U\u017chorod<\/li>\n<\/ul>\n<p><strong>obw\u00f3d zaporoski:<\/strong><\/p>\n<ul>\n<li>Zaporo\u017ce<\/li>\n<\/ul>\n<p><strong>Obw\u00f3d Iwano-Frankowsk:<\/strong><\/p>\n<ul>\n<li>Iwano-Frankiwsk<\/li>\n<\/ul>\n<p><strong>obw\u00f3d kijowski:<\/strong><\/p>\n<ul>\n<li>Baryszewka, Bia\u0142a Cerkiew, Berezan, Bogus\u0142aw, Boryspol, Borodyanka, Bojarka, Browar, Bucza, Chabry, Wi\u015bnia, Wo\u0142odarka, Wyszgorod, Gostomel, Zgurowka, Iwankow, Irpen, Kagarlyk, Kij\u00f3w, Kociubynskie, Makarow, Mironowka, Obuchow, Perejas\u0142aw-Chmielnicki , Rokitne, Skvira, Stavische, Tarashcha, Tetiev, Uzin, Ukrainka, Fastov, Jagotin.<\/li>\n<\/ul>\n<p><strong>obw\u00f3d kirowogradzki:<\/strong><\/p>\n<ul>\n<li>Kropyvnytskyi (Kirowohrad)<\/li>\n<\/ul>\n<p><strong>obw\u00f3d lwowski:<\/strong><\/p>\n<ul>\n<li>Lw\u00f3w<\/li>\n<\/ul>\n<p><strong>obw\u00f3d miko\u0142ajowski:<\/strong><\/p>\n<ul>\n<li>Niko\u0142ajew<\/li>\n<\/ul>\n<p><strong>obw\u00f3d odeski:<\/strong><\/p>\n<ul>\n<li>Odessa<\/li>\n<\/ul>\n<p><strong>obw\u00f3d Rowe\u0144ski:<\/strong><\/p>\n<ul>\n<li>G\u0142adki<\/li>\n<\/ul>\n<p><strong>obw\u00f3d po\u0142tawski:<\/strong><\/p>\n<ul>\n<li>Po\u0142tawa<\/li>\n<\/ul>\n<p><strong>obw\u00f3d tarnopolski:<\/strong><\/p>\n<ul>\n<li>Tarnopol<\/li>\n<\/ul>\n<p><strong>region Sumy:<\/strong><\/p>\n<ul>\n<li>Sumy, Szostka<\/li>\n<\/ul>\n<p><strong>obw\u00f3d charkowski:<\/strong><\/p>\n<ul>\n<li>Chark\u00f3w<\/li>\n<\/ul>\n<p><strong>Obw\u00f3d cherso\u0144ski:<\/strong><\/p>\n<ul>\n<li>Cherso\u0144<\/li>\n<\/ul>\n<p><strong>Obw\u00f3d Chmielnicki:<\/strong><\/p>\n<ul>\n<li>Chmielnicki<\/li>\n<\/ul>\n<p><strong>obw\u00f3d czerkaski: <\/strong><\/p>\n<ul>\n<li>Watutino, Osada, Drabow, \u017baszkow, Zwienigorodka, Zo\u0142otonosza, Kamenka, Kaniew, Katerinopol, Korsun-Szewczenkowski, \u0141ysyanka, Ma\u0144kowka, Klasztor, Smela, Talnowka, Uman, Christinovka, Czerkassy, Czigirin, Chernobaevka, Szpola.<\/li>\n<\/ul>\n<p><strong>obw\u00f3d czernihowski:<\/strong><\/p>\n<ul>\n<li>Baturin, Bakhmach, Bobrovitsa, Borzna, Varva, Gorodnya, Ichnya, Kozelets, Korop, Kryukovka, Kulikovka, Mena, Nizhyn, Nowogr\u00f3d-Seversky, Nosovka, Priluki, Rzepa, Semenovka, Snovsk, Sosnitsa, Srebnoe, Talalaevka, Oster, Czernih\u00f3w.<\/li>\n<\/ul>\n<p><strong>obw\u00f3d czerniowiecki:<\/strong><\/p>\n<ul>\n<li>Czerniowce<\/li>\n<\/ul>\n<\/div><\/div><\/div><\/div><\/div><\/div><\/div><\/section>","protected":false},"excerpt":{"rendered":"\u041f\u0440\u043e\u0434\u0430\u0442\u044c \u0432\u043e\u043b\u043e\u0441\u044b \u041f\u0440\u043e\u0434\u0430\u0442\u0438 \u0432\u043e\u043b\u043e\u0441\u0441\u044f \u041a\u0443\u043f\u0438\u043c \u0432\u043e\u043b\u043e\u0441\u044b \u041a\u0443\u043f\u0438\u0442\u044c \u0432\u043e\u043b\u043e\u0441\u044b \u041a\u0443\u043f\u043b\u044e \u0432\u043e\u043b\u043e\u0441\u044b \u041f\u043e\u043a\u0443\u043f\u043a\u0430 \u0432\u043e\u043b\u043e\u0441 \u041f\u0440\u043e\u0434\u0430\u0436\u0430 \u0432\u043e\u043b\u043e\u0441 \u041f\u0440\u043e\u0434\u0430\u043c \u0432\u043e\u043b\u043e\u0441\u044b \u0421\u0434\u0430\u0442\u044c \u0432\u043e\u043b\u043e\u0441\u044b \u0421\u043a\u0443\u043f\u043a\u0430 \u0432\u043e\u043b\u043e\u0441 \u041a\u0430\u043a \u043f\u0440\u043e\u0434\u0430\u0442\u044c \u0432\u043e\u043b\u043e\u0441\u044b \u0421\u0442\u043e\u0438\u043c\u043e\u0441\u0442\u044c \u0432\u043e\u043b\u043e\u0441 \u0418\u0437\u043c\u0435\u0440\u0438\u0442\u044c \/ \u0441\u0440\u0435\u0437\u0430\u0442\u044c \u0432\u043e\u043b\u043e\u0441\u044b \u041e\u043f\u043b\u0430\u0442\u0430 \u043f\u0440\u043e\u0435\u0437\u0434\u0430 \u0412\u043e\u043f\u0440\u043e\u0441 \u0438 \u043e\u0442\u0432\u0435\u0442\u044b \u043f\u0440\u0438 \u043f\u0440\u043e\u0434\u0430\u0436\u0435 \u0432\u043e\u043b\u043e\u0441 \u041a\u043e\u043d\u0442\u0430\u043a\u0442\u044b \u0421\u043a\u0443\u043f\u043a\u0430 \u0432\u043e\u043b\u043e\u0441 \u043f\u043e \u0433\u043e\u0440\u043e\u0434\u0430\u043c \u0423\u043a\u0440\u0430\u0438\u043d\u044b \u0412 \u041a\u0438\u0435\u0432\u0435: \u0413\u043e\u043b\u043e\u0441\u0435\u0435\u0432\u0441\u043a\u0438\u0439 \u0440\u0430\u0439\u043e\u043d: \u0422\u0435\u0440\u0435\u043c\u043a\u0438, \u0414\u0435\u043c\u0435\u0438\u0432\u043a\u0430. \u0414\u0430\u0440\u043d\u0438\u0446\u043a\u0438\u0439 \u0440\u0430\u0439\u043e\u043d: \u043c. \u0425\u0430\u0440\u044c\u043a\u043e\u0432\u0441\u043a\u0430\u044f, \u043c. \u041f\u043e\u0437\u043d\u044f\u043a\u0438,...","protected":false},"author":3,"featured_media":0,"parent":0,"menu_order":0,"comment_status":"closed","ping_status":"closed","template":"","meta":{"_acf_changed":false,"footnotes":""},"class_list":["post-6823","page","type-page","status-publish","hentry"],"acf":[],"yoast_head":"<!-- This site is optimized with the Yoast SEO plugin v24.3 - https:\/\/yoast.com\/wordpress\/plugins\/seo\/ -->\n<title>\u0426\u0435\u043d\u0430 \u0432\u043e\u043b\u043e\u0441. \u0421\u043a\u043e\u043b\u044c\u043a\u043e \u0441\u0442\u043e\u0438\u0442 \u043f\u0440\u043e\u0434\u0430\u0442\u044c \u0432\u043e\u043b\u043e\u0441\u044b \u0432 \u041a\u0438\u0435\u0432\u0435, \u0423\u043a\u0440\u0430\u0438\u043d\u0435<\/title>\n<meta name=\"description\" content=\"\u0421\u043a\u043e\u043b\u044c\u043a\u043e \u0431\u0443\u0434\u0435\u0442 \u0441\u0442\u043e\u0438\u0442\u044c \u043f\u0440\u043e\u0434\u0430\u0442\u044c \u0432\u043e\u043b\u043e\u0441\u044b. \u0426\u0435\u043d\u0430 \u0432\u043e\u043b\u043e\u0441. \u0413\u0434\u0435 \u043f\u0440\u043e\u0434\u0430\u0442\u044c \u043f\u043e \u043b\u0443\u0447\u0448\u0435\u0439 \u0446\u0435\u043d\u0435 \u0432\u043e\u043b\u043e\u0441\u044b. \u041a\u0430\u043a\u0438\u0435 \u0438\u043c\u0435\u043d\u043d\u043e \u0432\u043e\u043b\u043e\u0441\u044b \u0441\u0442\u043e\u044f\u0442 \u0434\u043e\u0440\u043e\u0436\u0435. \u041e\u0442 \u0447\u0435\u0433\u043e \u0437\u0430\u0432\u0438\u0441\u0438\u0442 \u0446\u0435\u043d\u0430 \u0432\u043e\u043b\u043e\u0441.\" \/>\n<meta name=\"robots\" content=\"index, follow, max-snippet:-1, max-image-preview:large, max-video-preview:-1\" \/>\n<link rel=\"canonical\" href=\"https:\/\/kuplyu-volosy.com\/pl\/skolko-stoit-prodat-volosy\/\" \/>\n<meta property=\"og:locale\" content=\"pl_PL\" \/>\n<meta property=\"og:type\" content=\"article\" \/>\n<meta property=\"og:title\" content=\"\u0426\u0435\u043d\u0430 \u0432\u043e\u043b\u043e\u0441. \u0421\u043a\u043e\u043b\u044c\u043a\u043e \u0441\u0442\u043e\u0438\u0442 \u043f\u0440\u043e\u0434\u0430\u0442\u044c \u0432\u043e\u043b\u043e\u0441\u044b \u0432 \u041a\u0438\u0435\u0432\u0435, \u0423\u043a\u0440\u0430\u0438\u043d\u0435\" \/>\n<meta property=\"og:description\" content=\"\u0421\u043a\u043e\u043b\u044c\u043a\u043e \u0431\u0443\u0434\u0435\u0442 \u0441\u0442\u043e\u0438\u0442\u044c \u043f\u0440\u043e\u0434\u0430\u0442\u044c \u0432\u043e\u043b\u043e\u0441\u044b. \u0426\u0435\u043d\u0430 \u0432\u043e\u043b\u043e\u0441. \u0413\u0434\u0435 \u043f\u0440\u043e\u0434\u0430\u0442\u044c \u043f\u043e \u043b\u0443\u0447\u0448\u0435\u0439 \u0446\u0435\u043d\u0435 \u0432\u043e\u043b\u043e\u0441\u044b. \u041a\u0430\u043a\u0438\u0435 \u0438\u043c\u0435\u043d\u043d\u043e \u0432\u043e\u043b\u043e\u0441\u044b \u0441\u0442\u043e\u044f\u0442 \u0434\u043e\u0440\u043e\u0436\u0435. \u041e\u0442 \u0447\u0435\u0433\u043e \u0437\u0430\u0432\u0438\u0441\u0438\u0442 \u0446\u0435\u043d\u0430 \u0432\u043e\u043b\u043e\u0441.\" \/>\n<meta property=\"og:url\" content=\"https:\/\/kuplyu-volosy.com\/pl\/skolko-stoit-prodat-volosy\/\" \/>\n<meta property=\"og:site_name\" content=\"\u041a\u0443\u043f\u043b\u044e \u0432\u043e\u043b\u043e\u0441\u044b\" \/>\n<meta property=\"article:modified_time\" content=\"2023-08-10T21:13:44+00:00\" \/>\n<meta name=\"twitter:card\" content=\"summary_large_image\" \/>\n<script type=\"application\/ld+json\" class=\"yoast-schema-graph\">{\"@context\":\"https:\/\/schema.org\",\"@graph\":[{\"@type\":\"WebPage\",\"@id\":\"https:\/\/kuplyu-volosy.com\/skolko-stoit-prodat-volosy\/\",\"url\":\"https:\/\/kuplyu-volosy.com\/skolko-stoit-prodat-volosy\/\",\"name\":\"\u0426\u0435\u043d\u0430 \u0432\u043e\u043b\u043e\u0441. \u0421\u043a\u043e\u043b\u044c\u043a\u043e \u0441\u0442\u043e\u0438\u0442 \u043f\u0440\u043e\u0434\u0430\u0442\u044c \u0432\u043e\u043b\u043e\u0441\u044b \u0432 \u041a\u0438\u0435\u0432\u0435, \u0423\u043a\u0440\u0430\u0438\u043d\u0435\",\"isPartOf\":{\"@id\":\"https:\/\/kuplyu-volosy.com\/#website\"},\"datePublished\":\"2019-06-11T21:42:18+00:00\",\"dateModified\":\"2023-08-10T21:13:44+00:00\",\"description\":\"\u0421\u043a\u043e\u043b\u044c\u043a\u043e \u0431\u0443\u0434\u0435\u0442 \u0441\u0442\u043e\u0438\u0442\u044c \u043f\u0440\u043e\u0434\u0430\u0442\u044c \u0432\u043e\u043b\u043e\u0441\u044b. \u0426\u0435\u043d\u0430 \u0432\u043e\u043b\u043e\u0441. \u0413\u0434\u0435 \u043f\u0440\u043e\u0434\u0430\u0442\u044c \u043f\u043e \u043b\u0443\u0447\u0448\u0435\u0439 \u0446\u0435\u043d\u0435 \u0432\u043e\u043b\u043e\u0441\u044b. \u041a\u0430\u043a\u0438\u0435 \u0438\u043c\u0435\u043d\u043d\u043e \u0432\u043e\u043b\u043e\u0441\u044b \u0441\u0442\u043e\u044f\u0442 \u0434\u043e\u0440\u043e\u0436\u0435. \u041e\u0442 \u0447\u0435\u0433\u043e \u0437\u0430\u0432\u0438\u0441\u0438\u0442 \u0446\u0435\u043d\u0430 \u0432\u043e\u043b\u043e\u0441.\",\"inLanguage\":\"pl-PL\",\"potentialAction\":[{\"@type\":\"ReadAction\",\"target\":[\"https:\/\/kuplyu-volosy.com\/skolko-stoit-prodat-volosy\/\"]}]},{\"@type\":\"WebSite\",\"@id\":\"https:\/\/kuplyu-volosy.com\/#website\",\"url\":\"https:\/\/kuplyu-volosy.com\/\",\"name\":\"\u041a\u0443\u043f\u043b\u044e \u0432\u043e\u043b\u043e\u0441\u044b\",\"description\":\"\u041f\u043e\u043a\u0443\u043f\u043a\u0430 \u0432\u043e\u043b\u043e\u0441\",\"potentialAction\":[{\"@type\":\"SearchAction\",\"target\":{\"@type\":\"EntryPoint\",\"urlTemplate\":\"https:\/\/kuplyu-volosy.com\/?s={search_term_string}\"},\"query-input\":{\"@type\":\"PropertyValueSpecification\",\"valueRequired\":true,\"valueName\":\"search_term_string\"}}],\"inLanguage\":\"pl-PL\"}]}<\/script>\n<!-- \/ Yoast SEO plugin. -->","yoast_head_json":{"title":"Cena w\u0142os\u00f3w. Ile kosztuje sprzeda\u017c w\u0142os\u00f3w w Kijowie na Ukrainie","description":"Ile b\u0119dzie kosztowa\u0107 sprzeda\u017c w\u0142os\u00f3w. Cena w\u0142os\u00f3w. Gdzie sprzeda\u0107 w\u0142osy w najlepszej cenie. Jakie w\u0142osy s\u0105 dro\u017csze. Co decyduje o cenie w\u0142os\u00f3w.","robots":{"index":"index","follow":"follow","max-snippet":"max-snippet:-1","max-image-preview":"max-image-preview:large","max-video-preview":"max-video-preview:-1"},"canonical":"https:\/\/kuplyu-volosy.com\/pl\/skolko-stoit-prodat-volosy\/","og_locale":"pl_PL","og_type":"article","og_title":"\u0426\u0435\u043d\u0430 \u0432\u043e\u043b\u043e\u0441. \u0421\u043a\u043e\u043b\u044c\u043a\u043e \u0441\u0442\u043e\u0438\u0442 \u043f\u0440\u043e\u0434\u0430\u0442\u044c \u0432\u043e\u043b\u043e\u0441\u044b \u0432 \u041a\u0438\u0435\u0432\u0435, \u0423\u043a\u0440\u0430\u0438\u043d\u0435","og_description":"\u0421\u043a\u043e\u043b\u044c\u043a\u043e \u0431\u0443\u0434\u0435\u0442 \u0441\u0442\u043e\u0438\u0442\u044c \u043f\u0440\u043e\u0434\u0430\u0442\u044c \u0432\u043e\u043b\u043e\u0441\u044b. \u0426\u0435\u043d\u0430 \u0432\u043e\u043b\u043e\u0441. \u0413\u0434\u0435 \u043f\u0440\u043e\u0434\u0430\u0442\u044c \u043f\u043e \u043b\u0443\u0447\u0448\u0435\u0439 \u0446\u0435\u043d\u0435 \u0432\u043e\u043b\u043e\u0441\u044b. \u041a\u0430\u043a\u0438\u0435 \u0438\u043c\u0435\u043d\u043d\u043e \u0432\u043e\u043b\u043e\u0441\u044b \u0441\u0442\u043e\u044f\u0442 \u0434\u043e\u0440\u043e\u0436\u0435. \u041e\u0442 \u0447\u0435\u0433\u043e \u0437\u0430\u0432\u0438\u0441\u0438\u0442 \u0446\u0435\u043d\u0430 \u0432\u043e\u043b\u043e\u0441.","og_url":"https:\/\/kuplyu-volosy.com\/pl\/skolko-stoit-prodat-volosy\/","og_site_name":"\u041a\u0443\u043f\u043b\u044e \u0432\u043e\u043b\u043e\u0441\u044b","article_modified_time":"2023-08-10T21:13:44+00:00","twitter_card":"summary_large_image","schema":{"@context":"https:\/\/schema.org","@graph":[{"@type":"WebPage","@id":"https:\/\/kuplyu-volosy.com\/skolko-stoit-prodat-volosy\/","url":"https:\/\/kuplyu-volosy.com\/skolko-stoit-prodat-volosy\/","name":"Cena w\u0142os\u00f3w. Ile kosztuje sprzeda\u017c w\u0142os\u00f3w w Kijowie na Ukrainie","isPartOf":{"@id":"https:\/\/kuplyu-volosy.com\/#website"},"datePublished":"2019-06-11T21:42:18+00:00","dateModified":"2023-08-10T21:13:44+00:00","description":"Ile b\u0119dzie kosztowa\u0107 sprzeda\u017c w\u0142os\u00f3w. Cena w\u0142os\u00f3w. Gdzie sprzeda\u0107 w\u0142osy w najlepszej cenie. Jakie w\u0142osy s\u0105 dro\u017csze. Co decyduje o cenie w\u0142os\u00f3w.","inLanguage":"pl-PL","potentialAction":[{"@type":"ReadAction","target":["https:\/\/kuplyu-volosy.com\/skolko-stoit-prodat-volosy\/"]}]},{"@type":"WebSite","@id":"https:\/\/kuplyu-volosy.com\/#website","url":"https:\/\/kuplyu-volosy.com\/","name":"kupuj w\u0142osy","description":"Kupowanie w\u0142os\u00f3w","potentialAction":[{"@type":"SearchAction","target":{"@type":"EntryPoint","urlTemplate":"https:\/\/kuplyu-volosy.com\/?s={search_term_string}"},"query-input":{"@type":"PropertyValueSpecification","valueRequired":true,"valueName":"search_term_string"}}],"inLanguage":"pl-PL"}]}},"_links":{"self":[{"href":"https:\/\/kuplyu-volosy.com\/pl\/wp-json\/wp\/v2\/pages\/6823","targetHints":{"allow":["GET"]}}],"collection":[{"href":"https:\/\/kuplyu-volosy.com\/pl\/wp-json\/wp\/v2\/pages"}],"about":[{"href":"https:\/\/kuplyu-volosy.com\/pl\/wp-json\/wp\/v2\/types\/page"}],"author":[{"embeddable":true,"href":"https:\/\/kuplyu-volosy.com\/pl\/wp-json\/wp\/v2\/users\/3"}],"replies":[{"embeddable":true,"href":"https:\/\/kuplyu-volosy.com\/pl\/wp-json\/wp\/v2\/comments?post=6823"}],"version-history":[{"count":5,"href":"https:\/\/kuplyu-volosy.com\/pl\/wp-json\/wp\/v2\/pages\/6823\/revisions"}],"predecessor-version":[{"id":7144,"href":"https:\/\/kuplyu-volosy.com\/pl\/wp-json\/wp\/v2\/pages\/6823\/revisions\/7144"}],"wp:attachment":[{"href":"https:\/\/kuplyu-volosy.com\/pl\/wp-json\/wp\/v2\/media?parent=6823"}],"curies":[{"name":"wp","href":"https:\/\/api.w.org\/{rel}","templated":true}]}}