{"id":2508,"date":"2013-12-16T19:45:19","date_gmt":"2013-12-16T19:45:19","guid":{"rendered":"https:\/\/impreza.us-themes.net\/?page_id=2508"},"modified":"2023-08-01T01:04:53","modified_gmt":"2023-07-31T22:04:53","slug":"vopros-otvet","status":"publish","type":"page","link":"https:\/\/kuplyu-volosy.com\/pl\/vopros-otvet\/","title":{"rendered":"Pytania i odpowiedzi przy sprzeda\u017cy w\u0142os\u00f3w"},"content":{"rendered":"<section class=\"l-section wpb_row height_medium\"><div class=\"l-section-h i-cf\"><div class=\"g-cols vc_row via_flex valign_top type_default stacking_default\"><div class=\"vc_col-sm-9 wpb_column vc_column_container\"><div class=\"vc_column-inner\"><div class=\"wpb_wrapper\"><div class=\"w-tabs style_default switch_click accordion type_togglable has_scrolling\" style=\"--sections-title-size:inherit\"><div class=\"w-tabs-sections titles-align_none icon_chevron cpos_right\"><div class=\"w-tabs-section\" id=\"h273\"><button class=\"w-tabs-section-header with_icon\" aria-controls=\"content-h273\" aria-expanded=\"false\"><i class=\"fas fa-question-circle\"><\/i><div class=\"w-tabs-section-title\">Jakie w\u0142osy mo\u017cna sprzeda\u0107?<\/div><div class=\"w-tabs-section-control\"><\/div><\/button><div  class=\"w-tabs-section-content\" id=\"content-h273\"><div class=\"w-tabs-section-content-h i-cf\"><div class=\"wpb_text_column\"><div class=\"wpb_wrapper\"><p>Mo\u017cesz sprzedawa\u0107 w\u0142osy ka\u017cdego rodzaju - od farbowanych po siwe, inna sprawa to cena w\u0142os\u00f3w. Najdro\u017csze s\u0105 naturalne niefarbowane w\u0142osy od 40 centymetr\u00f3w, poniewa\u017c wytwarzaj\u0105 produkty najwy\u017cszej jako\u015bci.<\/p>\n<\/div><\/div><\/div><\/div><\/div><div class=\"w-tabs-section\" id=\"z37f\"><button class=\"w-tabs-section-header with_icon\" aria-controls=\"content-z37f\" aria-expanded=\"false\"><i class=\"fas fa-question-circle\"><\/i><div class=\"w-tabs-section-title\">Co decyduje o cenie moich w\u0142os\u00f3w?<\/div><div class=\"w-tabs-section-control\"><\/div><\/button><div  class=\"w-tabs-section-content\" id=\"content-z37f\"><div class=\"w-tabs-section-content-h i-cf\"><div class=\"wpb_text_column\"><div class=\"wpb_wrapper\"><p>Cena w\u0142os\u00f3w zale\u017cy od wielu czynnik\u00f3w, ale najwa\u017cniejsze z nich to jako\u015b\u0107, g\u0119sto\u015b\u0107, waga i d\u0142ugo\u015b\u0107. Najbardziej cenione s\u0105 jasne w\u0142osy naturalne od 50 centymetr\u00f3w. Ponadto w\u0142osy powinny by\u0107 zadbane i niefarbowane.<\/p>\n<\/div><\/div><\/div><\/div><\/div><div class=\"w-tabs-section\" id=\"s452\"><button class=\"w-tabs-section-header with_icon\" aria-controls=\"content-s452\" aria-expanded=\"false\"><i class=\"fas fa-question-circle\"><\/i><div class=\"w-tabs-section-title\">Czy mog\u0119 obci\u0105\u0107 w\u0142asne w\u0142osy i je sprzeda\u0107?<\/div><div class=\"w-tabs-section-control\"><\/div><\/button><div  class=\"w-tabs-section-content\" id=\"content-s452\"><div class=\"w-tabs-section-content-h i-cf\"><div class=\"wpb_text_column\"><div class=\"wpb_wrapper\"><p>Oczywi\u015bcie mo\u017cesz to zrobi\u0107, je\u015bli chcesz, ale nie zalecamy tego. Pow\u00f3d jest prosty - cz\u0119sto ludzie pope\u0142niaj\u0105 pewne b\u0142\u0119dy podczas strzy\u017cenia w\u0142os\u00f3w, a wcze\u015bniej musz\u0105 by\u0107 w specjalny spos\u00f3b przygotowani. Aby drogo sprzeda\u0107 w\u0142osy, radzimy skontaktowa\u0107 si\u0119 z naszym technologiem w celu bezp\u0142atnej konsultacji.<\/p>\n<\/div><\/div><\/div><\/div><\/div><div class=\"w-tabs-section\" id=\"s517\"><button class=\"w-tabs-section-header with_icon\" aria-controls=\"content-s517\" aria-expanded=\"false\"><i class=\"fas fa-question-circle\"><\/i><div class=\"w-tabs-section-title\">Jak uzyska\u0107 maksymaln\u0105 cen\u0119 za w\u0142osy?<\/div><div class=\"w-tabs-section-control\"><\/div><\/button><div  class=\"w-tabs-section-content\" id=\"content-s517\"><div class=\"w-tabs-section-content-h i-cf\"><div class=\"wpb_text_column\"><div class=\"wpb_wrapper\"><p>Wszystko jest bardzo proste, wystarczy odpowiednio przygotowa\u0107 w\u0142osy do sprzeda\u017cy i zrozumie\u0107, co jest najwa\u017cniejsze - wag\u0119 i d\u0142ugo\u015b\u0107, wi\u0119c nie rozczesuj ich i nie obcinaj ko\u0144c\u00f3wek. Lista kontrolna przed sprzeda\u017c\u0105: Umyj w\u0142osy szamponem dla dzieci, poniewa\u017c zawiera on mniej chemikali\u00f3w, a nast\u0119pnie pozw\u00f3l w\u0142osom wyschn\u0105\u0107. Nie u\u017cywaj suszarki do w\u0142os\u00f3w i lok\u00f3wki! Pogorszy to stan, a cena w\u0142os\u00f3w spadnie. Ostatnim krokiem jest na\u0142o\u017cenie od\u017cywki na w\u0142osy i zaplecenie warkocza na noc. W celu uzyskania bardziej szczeg\u00f3\u0142owych informacji zapraszamy do kontaktu z naszym technologiem w celu um\u00f3wienia si\u0119 na bezp\u0142atn\u0105 konsultacj\u0119.<\/p>\n<\/div><\/div><\/div><\/div><\/div><\/div><\/div><div class=\"w-separator size_large\"><\/div><div class=\"wpb_text_column\"><div class=\"wpb_wrapper\"><h3 style=\"text-align: center;\">Nie znalaz\u0142e\u015b w\u0142a\u015bciwej odpowiedzi na swoje pytanie? Lub masz jakie\u015b pytania:<\/h3>\n<\/div><\/div><div class=\"w-separator size_medium\"><\/div><div class=\"g-cols wpb_row via_flex valign_top type_default stacking_default\"><div class=\"vc_col-sm-6 wpb_column vc_column_container\"><div class=\"vc_column-inner\"><div class=\"wpb_wrapper\"><div class=\"w-iconbox iconpos_top style_circle color_primary align_center\"><div class=\"w-iconbox-icon\" style=\"font-size:2rem;\"><i class=\"far fa-comments\"><\/i><\/div><div class=\"w-iconbox-meta\"><h4 class=\"w-iconbox-title\">Napisz do nas<\/h4><div class=\"w-iconbox-text\"><p>Mo\u017cesz napisa\u0107 do nas na czacie, WhatsApp, Viber i innych komunikatorach, zobaczy\u0107 wszystkie \u015brodki komunikacji w <a href=\"https:\/\/kuplyu-volosy.com\/pl\/contact\/\">\u0141\u0105czno\u015b\u0107<\/a> strona<\/p>\n<\/div><\/div><\/div><\/div><\/div><\/div><div class=\"vc_col-sm-6 wpb_column vc_column_container\"><div class=\"vc_column-inner\"><div class=\"wpb_wrapper\"><div class=\"w-iconbox iconpos_top style_circle color_primary align_center\"><div class=\"w-iconbox-icon\" style=\"font-size:2rem;\"><i class=\"fas fa-bullhorn\"><\/i><\/div><div class=\"w-iconbox-meta\"><h4 class=\"w-iconbox-title\">Konsultacja<\/h4><div class=\"w-iconbox-text\"><p style=\"text-align: center;\">Zadzwo\u0144 do nas a odpowiemy na ka\u017cde pytanie<br \/>\n<a href=\"tel:+380673204549\"><strong><span style=\"font-size: 18pt;\">067 320 45 49 U.A.<\/span><\/strong><\/a><br \/>\n<a href=\"tel:+380972838574\"><strong><span style=\"font-size: 18pt;\">097 283 85 74 U.A.<\/span><\/strong><\/a><\/p>\n<p style=\"text-align: center;\"><a href=\"tel:+48536277035\"><strong><span style=\"font-size: 18pt;\">485 362 770 35PL<\/span><\/strong><\/a><\/p>\n<p style=\"text-align: center;\"><a href=\"tel: +995593347164\"><strong><span style=\"font-size: 18pt;\">995 593 347 164 KA<\/span><\/strong><\/a><\/p>\n<\/div><\/div><\/div><\/div><\/div><\/div><\/div><div class=\"w-separator size_medium\"><\/div><\/div><\/div><\/div><div class=\"vc_col-sm-3 wpb_column vc_column_container\"><div class=\"vc_column-inner\"><div class=\"wpb_wrapper\"><div class=\"w-separator size_medium\"><\/div><div class=\"wpb_text_column\"><div class=\"wpb_wrapper\"><h4>Czy jeste\u015bmy dost\u0119pni 24\/7?<\/h4>\n<p>Je\u015bli masz jakie\u015b pytania, mo\u017cesz do nas zadzwoni\u0107 w ka\u017cdej chwili<\/p>\n<\/div><\/div><div class=\"w-separator size_small\"><\/div><div class=\"w-btn-wrapper align_none\"><a class=\"w-btn us-btn-style_3\" href=\"#\"><span class=\"w-btn-label\">Kliknij<\/span><\/a><\/div><\/div><\/div><\/div><\/div><\/div><\/section>","protected":false},"excerpt":{"rendered":"\u041a\u0430\u043a\u0438\u0435 \u0432\u043e\u043b\u043e\u0441\u044b \u043c\u043e\u0436\u043d\u043e \u043f\u0440\u043e\u0434\u0430\u0442\u044c?\u041f\u0440\u043e\u0434\u0430\u0442\u044c \u0432\u043e\u043b\u043e\u0441\u044b \u043c\u043e\u0436\u043d\u043e \u043b\u044e\u0431\u043e\u0433\u043e \u0442\u0438\u043f\u0430 \u2013 \u043e\u0442 \u043e\u043a\u0440\u0430\u0448\u0435\u043d\u043d\u044b\u0445 \u0434\u043e \u0441\u0435\u0434\u044b\u0445, \u0434\u0440\u0443\u0433\u043e\u0435 \u0434\u0435\u043b\u043e \u044d\u0442\u043e \u0446\u0435\u043d\u0430 \u043d\u0430 \u0432\u043e\u043b\u043e\u0441\u044b. \u0421\u0430\u043c\u044b\u043c\u0438 \u0434\u043e\u0440\u043e\u0433\u0438\u043c\u0438 \u0441\u0447\u0438\u0442\u0430\u044e\u0442\u0441\u044f \u043d\u0430\u0442\u0443\u0440\u0430\u043b\u044c\u043d\u044b\u0435 \u043d\u0435\u043e\u043a\u0440\u0430\u0448\u0435\u043d\u043d\u044b\u0435 \u0432\u043e\u043b\u043e\u0441\u044b \u043e\u0442 40 \u0441\u0430\u043d\u0442\u0438\u043c\u0435\u0442\u0440\u043e\u0432, \u0442\u0430\u043a \u043a\u0430\u043a \u0438\u0437 \u043d\u0438\u0445 \u043f\u043e\u043b\u0443\u0447\u0430\u044e\u0442\u0441\u044f \u0441\u0430\u043c\u044b\u0435 \u043a\u0430\u0447\u0435\u0441\u0442\u0432\u0435\u043d\u043d\u044b\u0435 \u0438\u0437\u0434\u0435\u043b\u0438\u044f. \u041e\u0442 \u0447\u0435\u0433\u043e \u0437\u0430\u0432\u0438\u0441\u0438\u0442 \u0446\u0435\u043d\u0430 \u043d\u0430 \u043c\u043e\u0438 \u0432\u043e\u043b\u043e\u0441\u044b?\u0426\u0435\u043d\u0430 \u043d\u0430 \u0432\u043e\u043b\u043e\u0441\u044b \u0437\u0430\u0432\u0438\u0441\u0438\u0442 \u043e\u0442 \u043c\u043d\u043e\u0433\u0438\u0445 \u0444\u0430\u043a\u0442\u043e\u0440\u043e\u0432, \u043d\u043e \u0441\u0430\u043c\u044b\u0435 \u0432\u0435\u0441\u043e\u043c\u044b\u0435 \u0438\u0437 \u043d\u0438\u0445 \u044d\u0442\u043e...","protected":false},"author":3,"featured_media":0,"parent":0,"menu_order":0,"comment_status":"closed","ping_status":"open","template":"","meta":{"_acf_changed":false,"footnotes":""},"class_list":["post-2508","page","type-page","status-publish","hentry"],"acf":[],"yoast_head":"<!-- This site is optimized with the Yoast SEO plugin v24.3 - https:\/\/yoast.com\/wordpress\/plugins\/seo\/ -->\n<title>\u0412\u043e\u043f\u0440\u043e\u0441 \u0438 \u043e\u0442\u0432\u0435\u0442\u044b \u043f\u0440\u0438 \u043f\u0440\u043e\u0434\u0430\u0436\u0435 \u0432\u043e\u043b\u043e\u0441 - \u041a\u0443\u043f\u043b\u044e \u0432\u043e\u043b\u043e\u0441\u044b<\/title>\n<meta name=\"robots\" content=\"index, follow, max-snippet:-1, max-image-preview:large, max-video-preview:-1\" \/>\n<link rel=\"canonical\" href=\"https:\/\/kuplyu-volosy.com\/pl\/vopros-otvet\/\" \/>\n<meta property=\"og:locale\" content=\"pl_PL\" \/>\n<meta property=\"og:type\" content=\"article\" \/>\n<meta property=\"og:title\" content=\"\u0412\u043e\u043f\u0440\u043e\u0441 \u0438 \u043e\u0442\u0432\u0435\u0442\u044b \u043f\u0440\u0438 \u043f\u0440\u043e\u0434\u0430\u0436\u0435 \u0432\u043e\u043b\u043e\u0441 - \u041a\u0443\u043f\u043b\u044e \u0432\u043e\u043b\u043e\u0441\u044b\" \/>\n<meta property=\"og:url\" content=\"https:\/\/kuplyu-volosy.com\/pl\/vopros-otvet\/\" \/>\n<meta property=\"og:site_name\" content=\"\u041a\u0443\u043f\u043b\u044e \u0432\u043e\u043b\u043e\u0441\u044b\" \/>\n<meta property=\"article:modified_time\" content=\"2023-07-31T22:04:53+00:00\" \/>\n<meta name=\"twitter:card\" content=\"summary_large_image\" \/>\n<meta name=\"twitter:label1\" content=\"Est. reading time\" \/>\n\t<meta name=\"twitter:data1\" content=\"1 minute\" \/>\n<script type=\"application\/ld+json\" class=\"yoast-schema-graph\">{\"@context\":\"https:\/\/schema.org\",\"@graph\":[{\"@type\":\"WebPage\",\"@id\":\"https:\/\/kuplyu-volosy.com\/vopros-otvet\/\",\"url\":\"https:\/\/kuplyu-volosy.com\/vopros-otvet\/\",\"name\":\"\u0412\u043e\u043f\u0440\u043e\u0441 \u0438 \u043e\u0442\u0432\u0435\u0442\u044b \u043f\u0440\u0438 \u043f\u0440\u043e\u0434\u0430\u0436\u0435 \u0432\u043e\u043b\u043e\u0441 - \u041a\u0443\u043f\u043b\u044e \u0432\u043e\u043b\u043e\u0441\u044b\",\"isPartOf\":{\"@id\":\"https:\/\/kuplyu-volosy.com\/#website\"},\"datePublished\":\"2013-12-16T19:45:19+00:00\",\"dateModified\":\"2023-07-31T22:04:53+00:00\",\"inLanguage\":\"pl-PL\",\"potentialAction\":[{\"@type\":\"ReadAction\",\"target\":[\"https:\/\/kuplyu-volosy.com\/vopros-otvet\/\"]}]},{\"@type\":\"WebSite\",\"@id\":\"https:\/\/kuplyu-volosy.com\/#website\",\"url\":\"https:\/\/kuplyu-volosy.com\/\",\"name\":\"\u041a\u0443\u043f\u043b\u044e \u0432\u043e\u043b\u043e\u0441\u044b\",\"description\":\"\u041f\u043e\u043a\u0443\u043f\u043a\u0430 \u0432\u043e\u043b\u043e\u0441\",\"potentialAction\":[{\"@type\":\"SearchAction\",\"target\":{\"@type\":\"EntryPoint\",\"urlTemplate\":\"https:\/\/kuplyu-volosy.com\/?s={search_term_string}\"},\"query-input\":{\"@type\":\"PropertyValueSpecification\",\"valueRequired\":true,\"valueName\":\"search_term_string\"}}],\"inLanguage\":\"pl-PL\"}]}<\/script>\n<!-- \/ Yoast SEO plugin. -->","yoast_head_json":{"title":"Pytanie i odpowiedzi przy sprzeda\u017cy w\u0142os\u00f3w - kupi\u0119 w\u0142osy","robots":{"index":"index","follow":"follow","max-snippet":"max-snippet:-1","max-image-preview":"max-image-preview:large","max-video-preview":"max-video-preview:-1"},"canonical":"https:\/\/kuplyu-volosy.com\/pl\/vopros-otvet\/","og_locale":"pl_PL","og_type":"article","og_title":"\u0412\u043e\u043f\u0440\u043e\u0441 \u0438 \u043e\u0442\u0432\u0435\u0442\u044b \u043f\u0440\u0438 \u043f\u0440\u043e\u0434\u0430\u0436\u0435 \u0432\u043e\u043b\u043e\u0441 - \u041a\u0443\u043f\u043b\u044e \u0432\u043e\u043b\u043e\u0441\u044b","og_url":"https:\/\/kuplyu-volosy.com\/pl\/vopros-otvet\/","og_site_name":"\u041a\u0443\u043f\u043b\u044e \u0432\u043e\u043b\u043e\u0441\u044b","article_modified_time":"2023-07-31T22:04:53+00:00","twitter_card":"summary_large_image","twitter_misc":{"Est. reading time":"1 minute"},"schema":{"@context":"https:\/\/schema.org","@graph":[{"@type":"WebPage","@id":"https:\/\/kuplyu-volosy.com\/vopros-otvet\/","url":"https:\/\/kuplyu-volosy.com\/vopros-otvet\/","name":"Pytanie i odpowiedzi przy sprzeda\u017cy w\u0142os\u00f3w - kupi\u0119 w\u0142osy","isPartOf":{"@id":"https:\/\/kuplyu-volosy.com\/#website"},"datePublished":"2013-12-16T19:45:19+00:00","dateModified":"2023-07-31T22:04:53+00:00","inLanguage":"pl-PL","potentialAction":[{"@type":"ReadAction","target":["https:\/\/kuplyu-volosy.com\/vopros-otvet\/"]}]},{"@type":"WebSite","@id":"https:\/\/kuplyu-volosy.com\/#website","url":"https:\/\/kuplyu-volosy.com\/","name":"kupuj w\u0142osy","description":"Kupowanie w\u0142os\u00f3w","potentialAction":[{"@type":"SearchAction","target":{"@type":"EntryPoint","urlTemplate":"https:\/\/kuplyu-volosy.com\/?s={search_term_string}"},"query-input":{"@type":"PropertyValueSpecification","valueRequired":true,"valueName":"search_term_string"}}],"inLanguage":"pl-PL"}]}},"_links":{"self":[{"href":"https:\/\/kuplyu-volosy.com\/pl\/wp-json\/wp\/v2\/pages\/2508","targetHints":{"allow":["GET"]}}],"collection":[{"href":"https:\/\/kuplyu-volosy.com\/pl\/wp-json\/wp\/v2\/pages"}],"about":[{"href":"https:\/\/kuplyu-volosy.com\/pl\/wp-json\/wp\/v2\/types\/page"}],"author":[{"embeddable":true,"href":"https:\/\/kuplyu-volosy.com\/pl\/wp-json\/wp\/v2\/users\/3"}],"replies":[{"embeddable":true,"href":"https:\/\/kuplyu-volosy.com\/pl\/wp-json\/wp\/v2\/comments?post=2508"}],"version-history":[{"count":3,"href":"https:\/\/kuplyu-volosy.com\/pl\/wp-json\/wp\/v2\/pages\/2508\/revisions"}],"predecessor-version":[{"id":7123,"href":"https:\/\/kuplyu-volosy.com\/pl\/wp-json\/wp\/v2\/pages\/2508\/revisions\/7123"}],"wp:attachment":[{"href":"https:\/\/kuplyu-volosy.com\/pl\/wp-json\/wp\/v2\/media?parent=2508"}],"curies":[{"name":"wp","href":"https:\/\/api.w.org\/{rel}","templated":true}]}}